{"id":113,"date":"2024-11-10T18:50:12","date_gmt":"2024-11-10T18:50:12","guid":{"rendered":"https:\/\/adepolsc.org.br\/adepolsite\/?page_id=113"},"modified":"2025-01-07T14:19:13","modified_gmt":"2025-01-07T14:19:13","slug":"sobre-nos-2","status":"publish","type":"page","link":"http:\/\/adepolsc.org.br\/adepolsite\/sobre-nos-2\/","title":{"rendered":"Diretoria"},"content":{"rendered":"\t\t<div data-elementor-type=\"wp-page\" data-elementor-id=\"113\" class=\"elementor elementor-113\" data-elementor-post-type=\"page\">\n\t\t\t\t<div class=\"elementor-element elementor-element-20122f4 e-flex e-con-boxed e-con e-parent\" data-id=\"20122f4\" data-element_type=\"container\" data-settings=\"{&quot;background_background&quot;:&quot;classic&quot;}\">\n\t\t\t\t\t<div class=\"e-con-inner\">\n\t\t<div class=\"elementor-element elementor-element-5379d96 e-con-full e-flex e-con e-child\" data-id=\"5379d96\" data-element_type=\"container\">\n\t\t\t\t<div class=\"elementor-element elementor-element-61e666c elementor-widget elementor-widget-heading\" data-id=\"61e666c\" data-element_type=\"widget\" data-widget_type=\"heading.default\">\n\t\t\t\t<div class=\"elementor-widget-container\">\n\t\t\t\t\t<h2 class=\"elementor-heading-title elementor-size-default\">DIRETORIA<\/h2>\t\t\t\t<\/div>\n\t\t\t\t<\/div>\n\t\t\t\t<div class=\"elementor-element elementor-element-5972912 elementor-widget elementor-widget-text-editor\" data-id=\"5972912\" data-element_type=\"widget\" data-widget_type=\"text-editor.default\">\n\t\t\t\t<div class=\"elementor-widget-container\">\n\t\t\t\t\t\t\t\t\t<p>DIRETORIA EXECUTIVA<\/p>\t\t\t\t\t\t\t\t<\/div>\n\t\t\t\t<\/div>\n\t\t<div class=\"elementor-element elementor-element-f24f9db e-con-full e-flex e-con e-child\" data-id=\"f24f9db\" data-element_type=\"container\">\n\t\t\t\t<div class=\"elementor-element elementor-element-c80c4bd elementor-widget elementor-widget-heading\" data-id=\"c80c4bd\" data-element_type=\"widget\" data-widget_type=\"heading.default\">\n\t\t\t\t<div class=\"elementor-widget-container\">\n\t\t\t\t\t<h2 class=\"elementor-heading-title elementor-size-default\"><span style=\"color: #9a8244;font-size: 40px;vertical-align: bottom\">\u2022<\/span> John Vieira<\/h2>\t\t\t\t<\/div>\n\t\t\t\t<\/div>\n\t\t\t\t<div class=\"elementor-element elementor-element-5614506 elementor-widget elementor-widget-text-editor\" data-id=\"5614506\" data-element_type=\"widget\" data-widget_type=\"text-editor.default\">\n\t\t\t\t<div class=\"elementor-widget-container\">\n\t\t\t\t\t\t\t\t\t<p>Presidente<\/p>\t\t\t\t\t\t\t\t<\/div>\n\t\t\t\t<\/div>\n\t\t\t\t<\/div>\n\t\t<div class=\"elementor-element elementor-element-de8db28 e-con-full e-flex e-con e-child\" data-id=\"de8db28\" data-element_type=\"container\">\n\t\t\t\t<div class=\"elementor-element elementor-element-d29fb3e elementor-widget elementor-widget-heading\" data-id=\"d29fb3e\" data-element_type=\"widget\" data-widget_type=\"heading.default\">\n\t\t\t\t<div class=\"elementor-widget-container\">\n\t\t\t\t\t<h2 class=\"elementor-heading-title elementor-size-default\"><span style=\"color: #9a8244;font-size: 40px;vertical-align: bottom\">\u2022<\/span> Gustavo Kremer<\/h2>\t\t\t\t<\/div>\n\t\t\t\t<\/div>\n\t\t\t\t<div class=\"elementor-element elementor-element-8cadc70 elementor-widget elementor-widget-text-editor\" data-id=\"8cadc70\" data-element_type=\"widget\" data-widget_type=\"text-editor.default\">\n\t\t\t\t<div class=\"elementor-widget-container\">\n\t\t\t\t\t\t\t\t\t<p>Vice-Presidente<\/p>\t\t\t\t\t\t\t\t<\/div>\n\t\t\t\t<\/div>\n\t\t\t\t<\/div>\n\t\t<div class=\"elementor-element elementor-element-378e453 e-con-full e-flex e-con e-child\" data-id=\"378e453\" data-element_type=\"container\">\n\t\t\t\t<div class=\"elementor-element elementor-element-120b160 elementor-widget elementor-widget-heading\" data-id=\"120b160\" data-element_type=\"widget\" data-widget_type=\"heading.default\">\n\t\t\t\t<div class=\"elementor-widget-container\">\n\t\t\t\t\t<h2 class=\"elementor-heading-title elementor-size-default\"><span style=\"color: #9a8244;font-size: 40px;vertical-align: bottom\">\u2022<\/span> Juliana Oss Dallagnol<\/h2>\t\t\t\t<\/div>\n\t\t\t\t<\/div>\n\t\t\t\t<div class=\"elementor-element elementor-element-9c33917 elementor-widget elementor-widget-text-editor\" data-id=\"9c33917\" data-element_type=\"widget\" data-widget_type=\"text-editor.default\">\n\t\t\t\t<div class=\"elementor-widget-container\">\n\t\t\t\t\t\t\t\t\t<p>Secret\u00e1ria Geral<\/p>\t\t\t\t\t\t\t\t<\/div>\n\t\t\t\t<\/div>\n\t\t\t\t<\/div>\n\t\t<div class=\"elementor-element elementor-element-3e4cd47 e-con-full e-flex e-con e-child\" data-id=\"3e4cd47\" data-element_type=\"container\">\n\t\t\t\t<div class=\"elementor-element elementor-element-ae1d3e1 elementor-widget elementor-widget-heading\" data-id=\"ae1d3e1\" data-element_type=\"widget\" data-widget_type=\"heading.default\">\n\t\t\t\t<div class=\"elementor-widget-container\">\n\t\t\t\t\t<h2 class=\"elementor-heading-title elementor-size-default\"><span style=\"color: #9a8244;font-size: 40px;vertical-align: bottom\">\u2022<\/span> Ester Fernanda Coelho<\/h2>\t\t\t\t<\/div>\n\t\t\t\t<\/div>\n\t\t\t\t<div class=\"elementor-element elementor-element-9943e21 elementor-widget elementor-widget-text-editor\" data-id=\"9943e21\" data-element_type=\"widget\" data-widget_type=\"text-editor.default\">\n\t\t\t\t<div class=\"elementor-widget-container\">\n\t\t\t\t\t\t\t\t\t<p>Secret\u00e1ria-Geral Adjunta<\/p>\t\t\t\t\t\t\t\t<\/div>\n\t\t\t\t<\/div>\n\t\t\t\t<\/div>\n\t\t<div class=\"elementor-element elementor-element-919cbb4 e-con-full e-flex e-con e-child\" data-id=\"919cbb4\" data-element_type=\"container\">\n\t\t\t\t<div class=\"elementor-element elementor-element-2174d6f elementor-widget elementor-widget-heading\" data-id=\"2174d6f\" data-element_type=\"widget\" data-widget_type=\"heading.default\">\n\t\t\t\t<div class=\"elementor-widget-container\">\n\t\t\t\t\t<h2 class=\"elementor-heading-title elementor-size-default\"><span style=\"color: #9a8244;font-size: 40px;vertical-align: bottom\">\u2022<\/span> Diego Parma<\/h2>\t\t\t\t<\/div>\n\t\t\t\t<\/div>\n\t\t\t\t<div class=\"elementor-element elementor-element-7e2b879 elementor-widget elementor-widget-text-editor\" data-id=\"7e2b879\" data-element_type=\"widget\" data-widget_type=\"text-editor.default\">\n\t\t\t\t<div class=\"elementor-widget-container\">\n\t\t\t\t\t\t\t\t\t<p>Diretor Financeiro<\/p>\t\t\t\t\t\t\t\t<\/div>\n\t\t\t\t<\/div>\n\t\t\t\t<\/div>\n\t\t<div class=\"elementor-element elementor-element-1db8dfd e-con-full e-flex e-con e-child\" data-id=\"1db8dfd\" data-element_type=\"container\">\n\t\t\t\t<div class=\"elementor-element elementor-element-c71436a elementor-widget elementor-widget-heading\" data-id=\"c71436a\" data-element_type=\"widget\" data-widget_type=\"heading.default\">\n\t\t\t\t<div class=\"elementor-widget-container\">\n\t\t\t\t\t<h2 class=\"elementor-heading-title elementor-size-default\"><span style=\"color: #9a8244;font-size: 40px;vertical-align: bottom\">\u2022<\/span> Ricardo Maurino Melo<\/h2>\t\t\t\t<\/div>\n\t\t\t\t<\/div>\n\t\t\t\t<div class=\"elementor-element elementor-element-6fe0076 elementor-widget elementor-widget-text-editor\" data-id=\"6fe0076\" data-element_type=\"widget\" data-widget_type=\"text-editor.default\">\n\t\t\t\t<div class=\"elementor-widget-container\">\n\t\t\t\t\t\t\t\t\t<p>Diretor Financeiro Adjunto<\/p>\t\t\t\t\t\t\t\t<\/div>\n\t\t\t\t<\/div>\n\t\t\t\t<\/div>\n\t\t<div class=\"elementor-element elementor-element-8081653 e-con-full e-flex e-con e-child\" data-id=\"8081653\" data-element_type=\"container\">\n\t\t\t\t<div class=\"elementor-element elementor-element-a82774b elementor-widget elementor-widget-heading\" data-id=\"a82774b\" data-element_type=\"widget\" data-widget_type=\"heading.default\">\n\t\t\t\t<div class=\"elementor-widget-container\">\n\t\t\t\t\t<h2 class=\"elementor-heading-title elementor-size-default\"><span style=\"color: #9a8244;font-size: 40px;vertical-align: bottom\">\u2022<\/span> Luciana Rodermel<\/h2>\t\t\t\t<\/div>\n\t\t\t\t<\/div>\n\t\t\t\t<div class=\"elementor-element elementor-element-67a2529 elementor-widget elementor-widget-text-editor\" data-id=\"67a2529\" data-element_type=\"widget\" data-widget_type=\"text-editor.default\">\n\t\t\t\t<div class=\"elementor-widget-container\">\n\t\t\t\t\t\t\t\t\t<p>Diretora de Defesa de Prerrogativas<\/p>\t\t\t\t\t\t\t\t<\/div>\n\t\t\t\t<\/div>\n\t\t\t\t<\/div>\n\t\t<div class=\"elementor-element elementor-element-fa04a53 e-con-full e-flex e-con e-child\" data-id=\"fa04a53\" data-element_type=\"container\">\n\t\t\t\t<div class=\"elementor-element elementor-element-8b9a80e elementor-widget elementor-widget-heading\" data-id=\"8b9a80e\" data-element_type=\"widget\" data-widget_type=\"heading.default\">\n\t\t\t\t<div class=\"elementor-widget-container\">\n\t\t\t\t\t<h2 class=\"elementor-heading-title elementor-size-default\"><span style=\"color: #9a8244;font-size: 40px;vertical-align: bottom\">\u2022<\/span> Aldo Pinheiro D\u2019avila<\/h2>\t\t\t\t<\/div>\n\t\t\t\t<\/div>\n\t\t\t\t<div class=\"elementor-element elementor-element-18f61cd elementor-widget elementor-widget-text-editor\" data-id=\"18f61cd\" data-element_type=\"widget\" data-widget_type=\"text-editor.default\">\n\t\t\t\t<div class=\"elementor-widget-container\">\n\t\t\t\t\t\t\t\t\t<p>Diretor de Assuntos Legislativos<\/p>\t\t\t\t\t\t\t\t<\/div>\n\t\t\t\t<\/div>\n\t\t\t\t<\/div>\n\t\t<div class=\"elementor-element elementor-element-0ebe2be e-con-full e-flex e-con e-child\" data-id=\"0ebe2be\" data-element_type=\"container\">\n\t\t\t\t<div class=\"elementor-element elementor-element-031a7bd elementor-widget elementor-widget-heading\" data-id=\"031a7bd\" data-element_type=\"widget\" data-widget_type=\"heading.default\">\n\t\t\t\t<div class=\"elementor-widget-container\">\n\t\t\t\t\t<h2 class=\"elementor-heading-title elementor-size-default\"><span style=\"color: #9a8244;font-size: 40px;vertical-align: bottom\">\u2022<\/span> Mauro Dutra<\/h2>\t\t\t\t<\/div>\n\t\t\t\t<\/div>\n\t\t\t\t<div class=\"elementor-element elementor-element-68b58cc elementor-widget elementor-widget-text-editor\" data-id=\"68b58cc\" data-element_type=\"widget\" data-widget_type=\"text-editor.default\">\n\t\t\t\t<div class=\"elementor-widget-container\">\n\t\t\t\t\t\t\t\t\t<p>Diretor de Patrim\u00f4nio<\/p>\t\t\t\t\t\t\t\t<\/div>\n\t\t\t\t<\/div>\n\t\t\t\t<\/div>\n\t\t<div class=\"elementor-element elementor-element-fa3fc03 e-con-full e-flex e-con e-child\" data-id=\"fa3fc03\" data-element_type=\"container\">\n\t\t\t\t<div class=\"elementor-element elementor-element-e7e3372 elementor-widget elementor-widget-heading\" data-id=\"e7e3372\" data-element_type=\"widget\" data-widget_type=\"heading.default\">\n\t\t\t\t<div class=\"elementor-widget-container\">\n\t\t\t\t\t<h2 class=\"elementor-heading-title elementor-size-default\"><span style=\"color: #9a8244;font-size: 40px;vertical-align: bottom\">\u2022<\/span> Paulo Henrique Ferreira de Deus<\/h2>\t\t\t\t<\/div>\n\t\t\t\t<\/div>\n\t\t\t\t<div class=\"elementor-element elementor-element-f62a9fd elementor-widget elementor-widget-text-editor\" data-id=\"f62a9fd\" data-element_type=\"widget\" data-widget_type=\"text-editor.default\">\n\t\t\t\t<div class=\"elementor-widget-container\">\n\t\t\t\t\t\t\t\t\t<p>Diretor Cultural e de Rela\u00e7\u00f5es P\u00fablicas<\/p>\t\t\t\t\t\t\t\t<\/div>\n\t\t\t\t<\/div>\n\t\t\t\t<\/div>\n\t\t\t\t<\/div>\n\t\t<div class=\"elementor-element elementor-element-1946ecd e-con-full e-flex e-con e-child\" data-id=\"1946ecd\" data-element_type=\"container\">\n\t\t\t\t<div class=\"elementor-element elementor-element-fefc8b8 elementor-widget elementor-widget-text-editor\" data-id=\"fefc8b8\" data-element_type=\"widget\" data-widget_type=\"text-editor.default\">\n\t\t\t\t<div class=\"elementor-widget-container\">\n\t\t\t\t\t\t\t\t\t<p>CONSELHO FISCAL<\/p>\t\t\t\t\t\t\t\t<\/div>\n\t\t\t\t<\/div>\n\t\t<div class=\"elementor-element elementor-element-a3f275a e-con-full e-flex e-con e-child\" data-id=\"a3f275a\" data-element_type=\"container\">\n\t\t\t\t<div class=\"elementor-element elementor-element-e47e36f elementor-widget elementor-widget-text-editor\" data-id=\"e47e36f\" data-element_type=\"widget\" data-widget_type=\"text-editor.default\">\n\t\t\t\t<div class=\"elementor-widget-container\">\n\t\t\t\t\t\t\t\t\t<p>Titulares:<\/p>\t\t\t\t\t\t\t\t<\/div>\n\t\t\t\t<\/div>\n\t\t\t\t<div class=\"elementor-element elementor-element-3a7ebe9 elementor-widget elementor-widget-heading\" data-id=\"3a7ebe9\" data-element_type=\"widget\" data-widget_type=\"heading.default\">\n\t\t\t\t<div class=\"elementor-widget-container\">\n\t\t\t\t\t<h2 class=\"elementor-heading-title elementor-size-default\"><span style=\"color: #9a8244;font-size: 40px;vertical-align: bottom\">\u2022<\/span> Adilson Jos\u00e9 Bressan<\/h2>\t\t\t\t<\/div>\n\t\t\t\t<\/div>\n\t\t\t\t<div class=\"elementor-element elementor-element-d570d81 elementor-widget elementor-widget-heading\" data-id=\"d570d81\" data-element_type=\"widget\" data-widget_type=\"heading.default\">\n\t\t\t\t<div class=\"elementor-widget-container\">\n\t\t\t\t\t<h2 class=\"elementor-heading-title elementor-size-default\"><span style=\"color: #9a8244;font-size: 40px;vertical-align: bottom\">\u2022<\/span> Ant\u00f4nio M\u00e1rcio Campos Neves<\/h2>\t\t\t\t<\/div>\n\t\t\t\t<\/div>\n\t\t\t\t<div class=\"elementor-element elementor-element-66a17d3 elementor-widget elementor-widget-heading\" data-id=\"66a17d3\" data-element_type=\"widget\" data-widget_type=\"heading.default\">\n\t\t\t\t<div class=\"elementor-widget-container\">\n\t\t\t\t\t<h2 class=\"elementor-heading-title elementor-size-default\"><span style=\"color: #9a8244;font-size: 40px;vertical-align: bottom\">\u2022<\/span> Ricardo Newton Casagrande\n<\/h2>\t\t\t\t<\/div>\n\t\t\t\t<\/div>\n\t\t\t\t<div class=\"elementor-element elementor-element-e66d1f5 elementor-widget elementor-widget-text-editor\" data-id=\"e66d1f5\" data-element_type=\"widget\" data-widget_type=\"text-editor.default\">\n\t\t\t\t<div class=\"elementor-widget-container\">\n\t\t\t\t\t\t\t\t\t<p>Suplente:<\/p>\t\t\t\t\t\t\t\t<\/div>\n\t\t\t\t<\/div>\n\t\t\t\t<div class=\"elementor-element elementor-element-27925d5 elementor-widget elementor-widget-heading\" data-id=\"27925d5\" data-element_type=\"widget\" data-widget_type=\"heading.default\">\n\t\t\t\t<div class=\"elementor-widget-container\">\n\t\t\t\t\t<h2 class=\"elementor-heading-title elementor-size-default\"><span style=\"color: #9a8244;font-size: 40px;vertical-align: bottom\">\u2022<\/span> Fabiano Henrique Schmitt<\/h2>\t\t\t\t<\/div>\n\t\t\t\t<\/div>\n\t\t\t\t<\/div>\n\t\t\t\t<div class=\"elementor-element elementor-element-dc3a8a3 elementor-widget elementor-widget-text-editor\" data-id=\"dc3a8a3\" data-element_type=\"widget\" data-widget_type=\"text-editor.default\">\n\t\t\t\t<div class=\"elementor-widget-container\">\n\t\t\t\t\t\t\t\t\t<p>CONSELHO DE \u00c9TICA<\/p>\t\t\t\t\t\t\t\t<\/div>\n\t\t\t\t<\/div>\n\t\t<div class=\"elementor-element elementor-element-030c18e e-con-full e-flex e-con e-child\" data-id=\"030c18e\" data-element_type=\"container\">\n\t\t\t\t<div class=\"elementor-element elementor-element-02043e9 elementor-widget elementor-widget-text-editor\" data-id=\"02043e9\" data-element_type=\"widget\" data-widget_type=\"text-editor.default\">\n\t\t\t\t<div class=\"elementor-widget-container\">\n\t\t\t\t\t\t\t\t\t<p>Titulares:<\/p>\t\t\t\t\t\t\t\t<\/div>\n\t\t\t\t<\/div>\n\t\t\t\t<div class=\"elementor-element elementor-element-32990a6 elementor-widget elementor-widget-heading\" data-id=\"32990a6\" data-element_type=\"widget\" data-widget_type=\"heading.default\">\n\t\t\t\t<div class=\"elementor-widget-container\">\n\t\t\t\t\t<h2 class=\"elementor-heading-title elementor-size-default\"><span style=\"color: #9a8244;font-size: 40px;vertical-align: bottom\">\u2022<\/span> Eduardo Borges<\/h2>\t\t\t\t<\/div>\n\t\t\t\t<\/div>\n\t\t\t\t<div class=\"elementor-element elementor-element-66088ca elementor-widget elementor-widget-heading\" data-id=\"66088ca\" data-element_type=\"widget\" data-widget_type=\"heading.default\">\n\t\t\t\t<div class=\"elementor-widget-container\">\n\t\t\t\t\t<h2 class=\"elementor-heading-title elementor-size-default\"><span style=\"color: #9a8244;font-size: 40px;vertical-align: bottom\">\u2022<\/span> Gil Rafael Ribas<\/h2>\t\t\t\t<\/div>\n\t\t\t\t<\/div>\n\t\t\t\t<div class=\"elementor-element elementor-element-fa26575 elementor-widget elementor-widget-heading\" data-id=\"fa26575\" data-element_type=\"widget\" data-widget_type=\"heading.default\">\n\t\t\t\t<div class=\"elementor-widget-container\">\n\t\t\t\t\t<h2 class=\"elementor-heading-title elementor-size-default\"><span style=\"color: #9a8244;font-size: 40px;vertical-align: bottom\">\u2022<\/span> Cassiano Tiburski<\/h2>\t\t\t\t<\/div>\n\t\t\t\t<\/div>\n\t\t\t\t<div class=\"elementor-element elementor-element-7d809f3 elementor-widget elementor-widget-text-editor\" data-id=\"7d809f3\" data-element_type=\"widget\" data-widget_type=\"text-editor.default\">\n\t\t\t\t<div class=\"elementor-widget-container\">\n\t\t\t\t\t\t\t\t\t<p>Suplente:<\/p>\t\t\t\t\t\t\t\t<\/div>\n\t\t\t\t<\/div>\n\t\t\t\t<div class=\"elementor-element elementor-element-ed4ce4f elementor-widget elementor-widget-heading\" data-id=\"ed4ce4f\" data-element_type=\"widget\" data-widget_type=\"heading.default\">\n\t\t\t\t<div class=\"elementor-widget-container\">\n\t\t\t\t\t<h2 class=\"elementor-heading-title elementor-size-default\"><span style=\"color: #9a8244;font-size: 40px;vertical-align: bottom\">\u2022<\/span> Wellington Gustavo Spiacci<\/h2>\t\t\t\t<\/div>\n\t\t\t\t<\/div>\n\t\t\t\t<\/div>\n\t\t\t\t<\/div>\n\t\t\t\t\t<\/div>\n\t\t\t\t<\/div>\n\t\t\t\t<\/div>\n\t\t","protected":false},"excerpt":{"rendered":"<p>DIRETORIA DIRETORIA EXECUTIVA \u2022 John Vieira Presidente \u2022 Gustavo Kremer Vice-Presidente \u2022 Juliana Oss Dallagnol Secret\u00e1ria Geral \u2022 Ester Fernanda Coelho Secret\u00e1ria-Geral Adjunta \u2022 Diego Parma Diretor Financeiro \u2022 Ricardo Maurino Melo Diretor Financeiro Adjunto \u2022 Luciana Rodermel Diretora de Defesa de Prerrogativas \u2022 Aldo Pinheiro D\u2019avila Diretor de Assuntos Legislativos \u2022 Mauro Dutra Diretor [&hellip;]<\/p>\n","protected":false},"author":1,"featured_media":0,"parent":0,"menu_order":0,"comment_status":"closed","ping_status":"closed","template":"","meta":{"footnotes":""},"class_list":["post-113","page","type-page","status-publish","hentry"],"_links":{"self":[{"href":"http:\/\/adepolsc.org.br\/adepolsite\/wp-json\/wp\/v2\/pages\/113","targetHints":{"allow":["GET"]}}],"collection":[{"href":"http:\/\/adepolsc.org.br\/adepolsite\/wp-json\/wp\/v2\/pages"}],"about":[{"href":"http:\/\/adepolsc.org.br\/adepolsite\/wp-json\/wp\/v2\/types\/page"}],"author":[{"embeddable":true,"href":"http:\/\/adepolsc.org.br\/adepolsite\/wp-json\/wp\/v2\/users\/1"}],"replies":[{"embeddable":true,"href":"http:\/\/adepolsc.org.br\/adepolsite\/wp-json\/wp\/v2\/comments?post=113"}],"version-history":[{"count":14,"href":"http:\/\/adepolsc.org.br\/adepolsite\/wp-json\/wp\/v2\/pages\/113\/revisions"}],"predecessor-version":[{"id":1256,"href":"http:\/\/adepolsc.org.br\/adepolsite\/wp-json\/wp\/v2\/pages\/113\/revisions\/1256"}],"wp:attachment":[{"href":"http:\/\/adepolsc.org.br\/adepolsite\/wp-json\/wp\/v2\/media?parent=113"}],"curies":[{"name":"wp","href":"https:\/\/api.w.org\/{rel}","templated":true}]}}