{"id":127,"date":"2024-11-10T19:44:30","date_gmt":"2024-11-10T19:44:30","guid":{"rendered":"https:\/\/adepolsc.org.br\/adepolsite\/?page_id=127"},"modified":"2025-01-07T14:58:34","modified_gmt":"2025-01-07T14:58:34","slug":"seja-um-delegado","status":"publish","type":"page","link":"http:\/\/adepolsc.org.br\/adepolsite\/seja-um-delegado\/","title":{"rendered":"Seja um Delegado"},"content":{"rendered":"\t\t<div data-elementor-type=\"wp-page\" data-elementor-id=\"127\" class=\"elementor elementor-127\" data-elementor-post-type=\"page\">\n\t\t\t\t<div class=\"elementor-element elementor-element-20122f4 e-flex e-con-boxed e-con e-parent\" data-id=\"20122f4\" data-element_type=\"container\" data-settings=\"{&quot;background_background&quot;:&quot;classic&quot;}\">\n\t\t\t\t\t<div class=\"e-con-inner\">\n\t\t<div class=\"elementor-element elementor-element-5379d96 e-con-full e-flex e-con e-child\" data-id=\"5379d96\" data-element_type=\"container\">\n\t\t\t\t<div class=\"elementor-element elementor-element-61e666c elementor-widget elementor-widget-heading\" data-id=\"61e666c\" data-element_type=\"widget\" data-widget_type=\"heading.default\">\n\t\t\t\t<div class=\"elementor-widget-container\">\n\t\t\t\t\t<h2 class=\"elementor-heading-title elementor-size-default\">SEJA UM DELEGADO<\/h2>\t\t\t\t<\/div>\n\t\t\t\t<\/div>\n\t\t\t\t<div class=\"elementor-element elementor-element-5972912 elementor-widget elementor-widget-text-editor\" data-id=\"5972912\" data-element_type=\"widget\" data-widget_type=\"text-editor.default\">\n\t\t\t\t<div class=\"elementor-widget-container\">\n\t\t\t\t\t\t\t\t\t<p>Para ser um Delegado de Pol\u00edcia Civil em Santa Catarina, \u00e9 necess\u00e1rio a aprova\u00e7\u00e3o do concurso p\u00fablico, o qual \u00e9 realizado ou coordenado pela Academia da Pol\u00edcia Civil (ACADEPOL). Est\u00e3o habilitados para prestar o concurso, todo e qualquer bacharel em direito, com diploma registrado no MEC ou Institui\u00e7\u00e3o autorizada por Lei, al\u00e9m de tempo m\u00ednimo de tr\u00eas anos de atividade jur\u00eddica ou policial.<\/p><p>Ap\u00f3s a aprova\u00e7\u00e3o no concurso, o candidato ser\u00e1 chamado para cursar a Academia da Pol\u00edcia Civil, com sede na Capital, onde ser\u00e1 avaliado e orientado para a fun\u00e7\u00e3o de autoridade policial.<\/p><p>Para ser um bom Delegado de Pol\u00edcia Civil, entretanto, n\u00e3o basta ter obtido aprova\u00e7\u00e3o no concurso p\u00fablico, precisa ter a certeza de prestar\u00e1 um trabalho inestim\u00e1vel \u00e0 sociedade, com dedica\u00e7\u00e3o e responsabilidade que o cargo exige. Ser um Delegado ou uma Delegada, \u00e9 assumir um compromisso junto \u00e0 sociedade catarinense.<\/p><p>\u00c9 dele a responsabilidade de apurar delitos, responsabilizar aqueles que desrespeitarem as normas de conduta e, com isso, contribuir para a redu\u00e7\u00e3o dos indicadores de criminalidade. Al\u00e9m de gerenciar toda a parte de funcionamento administrativo da Delegacia de Pol\u00edcia (gest\u00e3o de pessoas, de material, de despesas, etc.), h\u00e1 o desempenho da principal atividade do Delegado de Pol\u00edcia, conduzir os procedimentos policiais (Inqu\u00e9rito Policial, Termo Circunstanciado, Auto de Pris\u00e3o em Flagrante, dentre outros).<\/p><p>Para saber mais, acesse o site da Pol\u00edcia Civil de Santa Catarina &#8211; <a style=\"color: #9a8244;\" href=\"http:\/\/www.pc.sc.gov.br\"><strong>www.pc.sc.gov.br<\/strong><\/a><\/p>\t\t\t\t\t\t\t\t<\/div>\n\t\t\t\t<\/div>\n\t\t\t\t<\/div>\n\t\t\t\t\t<\/div>\n\t\t\t\t<\/div>\n\t\t\t\t<\/div>\n\t\t","protected":false},"excerpt":{"rendered":"<p>SEJA UM DELEGADO Para ser um Delegado de Pol\u00edcia Civil em Santa Catarina, \u00e9 necess\u00e1rio a aprova\u00e7\u00e3o do concurso p\u00fablico, o qual \u00e9 realizado ou coordenado pela Academia da Pol\u00edcia Civil (ACADEPOL). Est\u00e3o habilitados para prestar o concurso, todo e qualquer bacharel em direito, com diploma registrado no MEC ou Institui\u00e7\u00e3o autorizada por Lei, al\u00e9m [&hellip;]<\/p>\n","protected":false},"author":1,"featured_media":0,"parent":0,"menu_order":0,"comment_status":"closed","ping_status":"closed","template":"","meta":{"footnotes":""},"class_list":["post-127","page","type-page","status-publish","hentry"],"_links":{"self":[{"href":"http:\/\/adepolsc.org.br\/adepolsite\/wp-json\/wp\/v2\/pages\/127","targetHints":{"allow":["GET"]}}],"collection":[{"href":"http:\/\/adepolsc.org.br\/adepolsite\/wp-json\/wp\/v2\/pages"}],"about":[{"href":"http:\/\/adepolsc.org.br\/adepolsite\/wp-json\/wp\/v2\/types\/page"}],"author":[{"embeddable":true,"href":"http:\/\/adepolsc.org.br\/adepolsite\/wp-json\/wp\/v2\/users\/1"}],"replies":[{"embeddable":true,"href":"http:\/\/adepolsc.org.br\/adepolsite\/wp-json\/wp\/v2\/comments?post=127"}],"version-history":[{"count":13,"href":"http:\/\/adepolsc.org.br\/adepolsite\/wp-json\/wp\/v2\/pages\/127\/revisions"}],"predecessor-version":[{"id":1262,"href":"http:\/\/adepolsc.org.br\/adepolsite\/wp-json\/wp\/v2\/pages\/127\/revisions\/1262"}],"wp:attachment":[{"href":"http:\/\/adepolsc.org.br\/adepolsite\/wp-json\/wp\/v2\/media?parent=127"}],"curies":[{"name":"wp","href":"https:\/\/api.w.org\/{rel}","templated":true}]}}