{"id":14,"date":"2024-11-09T17:47:32","date_gmt":"2024-11-09T17:47:32","guid":{"rendered":"https:\/\/adepolsc.org.br\/adepolsite\/?page_id=14"},"modified":"2025-04-25T14:07:38","modified_gmt":"2025-04-25T14:07:38","slug":"home","status":"publish","type":"page","link":"http:\/\/adepolsc.org.br\/adepolsite\/","title":{"rendered":"Home"},"content":{"rendered":"\t\t<div data-elementor-type=\"wp-page\" data-elementor-id=\"14\" class=\"elementor elementor-14\" data-elementor-post-type=\"page\">\n\t\t\t\t<div class=\"elementor-element elementor-element-a60cc99 e-con-full e-flex e-con e-parent\" data-id=\"a60cc99\" data-element_type=\"container\">\n\t\t\t\t<div class=\"elementor-element elementor-element-63c29c9 elementor--h-position-left elementor--v-position-middle elementor-pagination-position-inside elementor-widget elementor-widget-slides\" data-id=\"63c29c9\" data-element_type=\"widget\" data-settings=\"{&quot;navigation&quot;:&quot;dots&quot;,&quot;autoplay&quot;:&quot;yes&quot;,&quot;pause_on_hover&quot;:&quot;yes&quot;,&quot;pause_on_interaction&quot;:&quot;yes&quot;,&quot;autoplay_speed&quot;:5000,&quot;infinite&quot;:&quot;yes&quot;,&quot;transition&quot;:&quot;slide&quot;,&quot;transition_speed&quot;:500}\" data-widget_type=\"slides.default\">\n\t\t\t\t<div class=\"elementor-widget-container\">\n\t\t\t\t\t\t\t<div class=\"elementor-swiper\">\n\t\t\t<div class=\"elementor-slides-wrapper elementor-main-swiper swiper\" dir=\"ltr\" data-animation=\"fadeInUp\">\n\t\t\t\t<div class=\"swiper-wrapper elementor-slides\">\n\t\t\t\t\t\t\t\t\t\t<div class=\"elementor-repeater-item-498a551 swiper-slide\"><div class=\"swiper-slide-bg\" role=\"img\"><\/div><div class=\"swiper-slide-inner\" ><div class=\"swiper-slide-contents\"><div class=\"elementor-slide-heading\">Delegado<br>de pol\u00edcia<\/div><div class=\"elementor-slide-description\">defendendo o CATARINENSE<\/div><\/div><\/div><\/div>\t\t\t\t<\/div>\n\t\t\t\t\t\t\t<\/div>\n\t\t<\/div>\n\t\t\t\t\t\t<\/div>\n\t\t\t\t<\/div>\n\t\t\t\t<\/div>\n\t\t<div class=\"elementor-element elementor-element-1611944 e-con-full e-flex e-con e-parent\" data-id=\"1611944\" data-element_type=\"container\" data-settings=\"{&quot;background_background&quot;:&quot;classic&quot;}\">\n\t\t<div class=\"elementor-element elementor-element-17d3f17 e-con-full e-flex e-con e-child\" data-id=\"17d3f17\" data-element_type=\"container\" id=\"noticias-sec-banner\">\n\t\t\t\t<div class=\"elementor-element elementor-element-f303f8f elementor-widget elementor-widget-heading\" data-id=\"f303f8f\" data-element_type=\"widget\" data-widget_type=\"heading.default\">\n\t\t\t\t<div class=\"elementor-widget-container\">\n\t\t\t\t\t<h2 class=\"elementor-heading-title elementor-size-default\">Fique por dentro das PRINCIPAIS not\u00edcias<\/h2>\t\t\t\t<\/div>\n\t\t\t\t<\/div>\n\t\t\t\t<\/div>\n\t\t\t\t<\/div>\n\t\t<div class=\"elementor-element elementor-element-e40c6ae e-flex e-con-boxed e-con e-parent\" data-id=\"e40c6ae\" data-element_type=\"container\" data-settings=\"{&quot;background_background&quot;:&quot;classic&quot;}\">\n\t\t\t\t\t<div class=\"e-con-inner\">\n\t\t\t\t<div class=\"elementor-element elementor-element-ef56e14 elementor-arrows-position-outside elementor-pagination-type-bullets elementor-pagination-position-outside elementor-widget elementor-widget-loop-carousel\" data-id=\"ef56e14\" data-element_type=\"widget\" data-settings=\"{&quot;template_id&quot;:&quot;60&quot;,&quot;_skin&quot;:&quot;post&quot;,&quot;slides_to_show&quot;:&quot;3&quot;,&quot;slides_to_show_tablet&quot;:&quot;2&quot;,&quot;slides_to_show_mobile&quot;:&quot;1&quot;,&quot;slides_to_scroll&quot;:&quot;1&quot;,&quot;edit_handle_selector&quot;:&quot;.elementor-widget-container&quot;,&quot;autoplay&quot;:&quot;yes&quot;,&quot;autoplay_speed&quot;:5000,&quot;pause_on_hover&quot;:&quot;yes&quot;,&quot;pause_on_interaction&quot;:&quot;yes&quot;,&quot;infinite&quot;:&quot;yes&quot;,&quot;speed&quot;:500,&quot;offset_sides&quot;:&quot;none&quot;,&quot;arrows&quot;:&quot;yes&quot;,&quot;pagination&quot;:&quot;bullets&quot;,&quot;image_spacing_custom&quot;:{&quot;unit&quot;:&quot;px&quot;,&quot;size&quot;:10,&quot;sizes&quot;:[]},&quot;image_spacing_custom_tablet&quot;:{&quot;unit&quot;:&quot;px&quot;,&quot;size&quot;:&quot;&quot;,&quot;sizes&quot;:[]},&quot;image_spacing_custom_mobile&quot;:{&quot;unit&quot;:&quot;px&quot;,&quot;size&quot;:&quot;&quot;,&quot;sizes&quot;:[]}}\" data-widget_type=\"loop-carousel.post\">\n\t\t\t\t<div class=\"elementor-widget-container\">\n\t\t\t\t\t\t\t<div class=\"swiper elementor-loop-container elementor-grid\" dir=\"ltr\">\n\t\t\t\t<div class=\"swiper-wrapper\" aria-live=\"off\">\n\t\t<style id=\"loop-60\">.elementor-60 .elementor-element.elementor-element-7504a22{--display:flex;--min-height:0px;--flex-direction:column;--container-widget-width:calc( ( 1 - var( --container-widget-flex-grow ) ) * 100% );--container-widget-height:initial;--container-widget-flex-grow:0;--container-widget-align-self:initial;--flex-wrap-mobile:wrap;--justify-content:space-around;--align-items:center;border-style:solid;--border-style:solid;border-width:3px 3px 3px 3px;--border-top-width:3px;--border-right-width:3px;--border-bottom-width:3px;--border-left-width:3px;border-color:#9C8255;--border-color:#9C8255;--border-radius:22px 22px 22px 22px;--margin-top:0px;--margin-bottom:0px;--margin-left:0px;--margin-right:0px;--padding-top:0px;--padding-bottom:0px;--padding-left:0px;--padding-right:0px;}.elementor-widget-theme-post-featured-image .widget-image-caption{color:var( --e-global-color-text );font-family:var( --e-global-typography-text-font-family ), Sans-serif;font-weight:var( --e-global-typography-text-font-weight );}.elementor-60 .elementor-element.elementor-element-3b4badf > .elementor-widget-container{margin:0px 0px 0px 0px;padding:0px 0px 0px 0px;}.elementor-60 .elementor-element.elementor-element-3b4badf img{width:100%;height:100%;border-radius:18px 18px 18px 18px;}.elementor-widget-theme-post-title .elementor-heading-title{font-family:var( --e-global-typography-primary-font-family ), Sans-serif;font-weight:var( --e-global-typography-primary-font-weight );color:var( --e-global-color-primary );}.elementor-60 .elementor-element.elementor-element-4114aa9{width:var( --container-widget-width, 80% );max-width:80%;--container-widget-width:80%;--container-widget-flex-grow:0;}.elementor-60 .elementor-element.elementor-element-4114aa9 > .elementor-widget-container{padding:20px 0px 0px 0px;}.elementor-60 .elementor-element.elementor-element-4114aa9 .elementor-heading-title{font-family:\"Roboto\", Sans-serif;font-size:20px;font-weight:800;line-height:25px;letter-spacing:0px;color:#000000;}.elementor-widget-text-editor{color:var( --e-global-color-text );font-family:var( --e-global-typography-text-font-family ), Sans-serif;font-weight:var( --e-global-typography-text-font-weight );}.elementor-widget-text-editor.elementor-drop-cap-view-stacked .elementor-drop-cap{background-color:var( --e-global-color-primary );}.elementor-widget-text-editor.elementor-drop-cap-view-framed .elementor-drop-cap, .elementor-widget-text-editor.elementor-drop-cap-view-default .elementor-drop-cap{color:var( --e-global-color-primary );border-color:var( --e-global-color-primary );}.elementor-60 .elementor-element.elementor-element-0c703ec{--display:flex;--justify-content:flex-end;--align-items:flex-end;--container-widget-width:calc( ( 1 - var( --container-widget-flex-grow ) ) * 100% );}.elementor-widget-button .elementor-button{background-color:var( --e-global-color-accent );font-family:var( --e-global-typography-accent-font-family ), Sans-serif;font-weight:var( --e-global-typography-accent-font-weight );}.elementor-60 .elementor-element.elementor-element-0a2ebbe .elementor-button{background-color:#8C7248;font-family:\"Roboto\", Sans-serif;font-weight:800;border-radius:100px 100px 100px 100px;}<\/style>\t\t<div data-elementor-type=\"loop-item\" data-elementor-id=\"60\" class=\"elementor elementor-60 swiper-slide e-loop-item e-loop-item-545 post-545 post type-post status-publish format-standard has-post-thumbnail hentry category-noticias\" data-elementor-post-type=\"elementor_library\" role=\"group\" aria-roledescription=\"slide\" data-custom-edit-handle=\"1\">\n\t\t\t<div class=\"elementor-element elementor-element-7504a22 e-con-full e-flex e-con e-parent\" data-id=\"7504a22\" data-element_type=\"container\">\n\t\t\t\t<div class=\"elementor-element elementor-element-3b4badf elementor-widget elementor-widget-theme-post-featured-image elementor-widget-image\" data-id=\"3b4badf\" data-element_type=\"widget\" data-widget_type=\"theme-post-featured-image.default\">\n\t\t\t\t<div class=\"elementor-widget-container\">\n\t\t\t\t\t\t\t\t\t\t\t\t\t\t\t<img fetchpriority=\"high\" decoding=\"async\" width=\"800\" height=\"534\" src=\"http:\/\/adepolsc.org.br\/adepolsite\/wp-content\/uploads\/2024\/12\/04-1024x683.jpg\" class=\"attachment-large size-large wp-image-548\" alt=\"\" srcset=\"http:\/\/adepolsc.org.br\/adepolsite\/wp-content\/uploads\/2024\/12\/04-1024x683.jpg 1024w, http:\/\/adepolsc.org.br\/adepolsite\/wp-content\/uploads\/2024\/12\/04-300x200.jpg 300w, http:\/\/adepolsc.org.br\/adepolsite\/wp-content\/uploads\/2024\/12\/04-768x512.jpg 768w, http:\/\/adepolsc.org.br\/adepolsite\/wp-content\/uploads\/2024\/12\/04.jpg 1500w\" sizes=\"(max-width: 800px) 100vw, 800px\" \/>\t\t\t\t\t\t\t\t\t\t\t\t\t\t\t<\/div>\n\t\t\t\t<\/div>\n\t\t\t\t<div class=\"elementor-element elementor-element-4114aa9 elementor-widget__width-initial elementor-widget elementor-widget-theme-post-title elementor-page-title elementor-widget-heading\" data-id=\"4114aa9\" data-element_type=\"widget\" data-widget_type=\"theme-post-title.default\">\n\t\t\t\t<div class=\"elementor-widget-container\">\n\t\t\t\t\t<h1 class=\"elementor-heading-title elementor-size-default\">ADEPOL-SC REALIZA REUNI\u00c3O COM DELEGADOS APOSENTADOS PARA ESCLARECER D\u00daVIDAS SOBRE O PASEP<\/h1>\t\t\t\t<\/div>\n\t\t\t\t<\/div>\n\t\t<div class=\"elementor-element elementor-element-0c703ec e-con-full e-flex e-con e-child\" data-id=\"0c703ec\" data-element_type=\"container\">\n\t\t\t\t<div class=\"elementor-element elementor-element-0a2ebbe elementor-align-center elementor-widget elementor-widget-button\" data-id=\"0a2ebbe\" data-element_type=\"widget\" data-widget_type=\"button.default\">\n\t\t\t\t<div class=\"elementor-widget-container\">\n\t\t\t\t\t\t\t\t\t<div class=\"elementor-button-wrapper\">\n\t\t\t\t\t<a class=\"elementor-button elementor-button-link elementor-size-sm\" href=\"http:\/\/adepolsc.org.br\/adepolsite\/adepol-sc-realiza-reuniao-com-delegados-aposentados-para-esclarecer-duvidas-sobre-o-pasep\/\">\n\t\t\t\t\t\t<span class=\"elementor-button-content-wrapper\">\n\t\t\t\t\t\t\t\t\t<span class=\"elementor-button-text\">VEJA MAIS<\/span>\n\t\t\t\t\t<\/span>\n\t\t\t\t\t<\/a>\n\t\t\t\t<\/div>\n\t\t\t\t\t\t\t\t<\/div>\n\t\t\t\t<\/div>\n\t\t\t\t<\/div>\n\t\t\t\t<\/div>\n\t\t\t\t<\/div>\n\t\t\t\t<div data-elementor-type=\"loop-item\" data-elementor-id=\"60\" class=\"elementor elementor-60 swiper-slide e-loop-item e-loop-item-544 post-544 post type-post status-publish format-standard has-post-thumbnail hentry category-noticias\" data-elementor-post-type=\"elementor_library\" role=\"group\" aria-roledescription=\"slide\" data-custom-edit-handle=\"1\">\n\t\t\t<div class=\"elementor-element elementor-element-7504a22 e-con-full e-flex e-con e-parent\" data-id=\"7504a22\" data-element_type=\"container\">\n\t\t\t\t<div class=\"elementor-element elementor-element-3b4badf elementor-widget elementor-widget-theme-post-featured-image elementor-widget-image\" data-id=\"3b4badf\" data-element_type=\"widget\" data-widget_type=\"theme-post-featured-image.default\">\n\t\t\t\t<div class=\"elementor-widget-container\">\n\t\t\t\t\t\t\t\t\t\t\t\t\t\t\t<img decoding=\"async\" width=\"800\" height=\"534\" src=\"http:\/\/adepolsc.org.br\/adepolsite\/wp-content\/uploads\/2024\/12\/03-1024x683.jpg\" class=\"attachment-large size-large wp-image-546\" alt=\"\" srcset=\"http:\/\/adepolsc.org.br\/adepolsite\/wp-content\/uploads\/2024\/12\/03-1024x683.jpg 1024w, http:\/\/adepolsc.org.br\/adepolsite\/wp-content\/uploads\/2024\/12\/03-300x200.jpg 300w, http:\/\/adepolsc.org.br\/adepolsite\/wp-content\/uploads\/2024\/12\/03-768x512.jpg 768w, http:\/\/adepolsc.org.br\/adepolsite\/wp-content\/uploads\/2024\/12\/03.jpg 1500w\" sizes=\"(max-width: 800px) 100vw, 800px\" \/>\t\t\t\t\t\t\t\t\t\t\t\t\t\t\t<\/div>\n\t\t\t\t<\/div>\n\t\t\t\t<div class=\"elementor-element elementor-element-4114aa9 elementor-widget__width-initial elementor-widget elementor-widget-theme-post-title elementor-page-title elementor-widget-heading\" data-id=\"4114aa9\" data-element_type=\"widget\" data-widget_type=\"theme-post-title.default\">\n\t\t\t\t<div class=\"elementor-widget-container\">\n\t\t\t\t\t<h1 class=\"elementor-heading-title elementor-size-default\">MOBILIZA\u00c7\u00c3O DAS ENTIDADES CIVIS ASSEGURA A REVOGA\u00c7\u00c3O DE TRECHO DA PEC 66\/23 QUE ALTERAVA PREVID\u00caNCIA DOS ESTADOS<\/h1>\t\t\t\t<\/div>\n\t\t\t\t<\/div>\n\t\t<div class=\"elementor-element elementor-element-0c703ec e-con-full e-flex e-con e-child\" data-id=\"0c703ec\" data-element_type=\"container\">\n\t\t\t\t<div class=\"elementor-element elementor-element-0a2ebbe elementor-align-center elementor-widget elementor-widget-button\" data-id=\"0a2ebbe\" data-element_type=\"widget\" data-widget_type=\"button.default\">\n\t\t\t\t<div class=\"elementor-widget-container\">\n\t\t\t\t\t\t\t\t\t<div class=\"elementor-button-wrapper\">\n\t\t\t\t\t<a class=\"elementor-button elementor-button-link elementor-size-sm\" href=\"http:\/\/adepolsc.org.br\/adepolsite\/mobilizacao-das-entidades-civis-assegura-a-revogacao-de-trecho-da-pec-66-23-que-alterava-previdencia-dos-estados\/\">\n\t\t\t\t\t\t<span class=\"elementor-button-content-wrapper\">\n\t\t\t\t\t\t\t\t\t<span class=\"elementor-button-text\">VEJA MAIS<\/span>\n\t\t\t\t\t<\/span>\n\t\t\t\t\t<\/a>\n\t\t\t\t<\/div>\n\t\t\t\t\t\t\t\t<\/div>\n\t\t\t\t<\/div>\n\t\t\t\t<\/div>\n\t\t\t\t<\/div>\n\t\t\t\t<\/div>\n\t\t\t\t<div data-elementor-type=\"loop-item\" data-elementor-id=\"60\" class=\"elementor elementor-60 swiper-slide e-loop-item e-loop-item-541 post-541 post type-post status-publish format-standard has-post-thumbnail hentry category-noticias\" data-elementor-post-type=\"elementor_library\" role=\"group\" aria-roledescription=\"slide\" data-custom-edit-handle=\"1\">\n\t\t\t<div class=\"elementor-element elementor-element-7504a22 e-con-full e-flex e-con e-parent\" data-id=\"7504a22\" data-element_type=\"container\">\n\t\t\t\t<div class=\"elementor-element elementor-element-3b4badf elementor-widget elementor-widget-theme-post-featured-image elementor-widget-image\" data-id=\"3b4badf\" data-element_type=\"widget\" data-widget_type=\"theme-post-featured-image.default\">\n\t\t\t\t<div class=\"elementor-widget-container\">\n\t\t\t\t\t\t\t\t\t\t\t\t\t\t\t<img decoding=\"async\" width=\"800\" height=\"534\" src=\"http:\/\/adepolsc.org.br\/adepolsite\/wp-content\/uploads\/2024\/12\/02-1024x683.jpg\" class=\"attachment-large size-large wp-image-542\" alt=\"\" srcset=\"http:\/\/adepolsc.org.br\/adepolsite\/wp-content\/uploads\/2024\/12\/02-1024x683.jpg 1024w, http:\/\/adepolsc.org.br\/adepolsite\/wp-content\/uploads\/2024\/12\/02-300x200.jpg 300w, http:\/\/adepolsc.org.br\/adepolsite\/wp-content\/uploads\/2024\/12\/02-768x512.jpg 768w, http:\/\/adepolsc.org.br\/adepolsite\/wp-content\/uploads\/2024\/12\/02.jpg 1500w\" sizes=\"(max-width: 800px) 100vw, 800px\" \/>\t\t\t\t\t\t\t\t\t\t\t\t\t\t\t<\/div>\n\t\t\t\t<\/div>\n\t\t\t\t<div class=\"elementor-element elementor-element-4114aa9 elementor-widget__width-initial elementor-widget elementor-widget-theme-post-title elementor-page-title elementor-widget-heading\" data-id=\"4114aa9\" data-element_type=\"widget\" data-widget_type=\"theme-post-title.default\">\n\t\t\t\t<div class=\"elementor-widget-container\">\n\t\t\t\t\t<h1 class=\"elementor-heading-title elementor-size-default\">ADEPOL-SC PREPARAR\u00c1 PARECER T\u00c9CNICO SOBRE LIMINAR QUE REDUZ TEMPO DE APOSENTADORIA PARA MULHERES POLICIAIS CIVIS<\/h1>\t\t\t\t<\/div>\n\t\t\t\t<\/div>\n\t\t<div class=\"elementor-element elementor-element-0c703ec e-con-full e-flex e-con e-child\" data-id=\"0c703ec\" data-element_type=\"container\">\n\t\t\t\t<div class=\"elementor-element elementor-element-0a2ebbe elementor-align-center elementor-widget elementor-widget-button\" data-id=\"0a2ebbe\" data-element_type=\"widget\" data-widget_type=\"button.default\">\n\t\t\t\t<div class=\"elementor-widget-container\">\n\t\t\t\t\t\t\t\t\t<div class=\"elementor-button-wrapper\">\n\t\t\t\t\t<a class=\"elementor-button elementor-button-link elementor-size-sm\" href=\"http:\/\/adepolsc.org.br\/adepolsite\/adepol-sc-preparara-parecer-tecnico-sobre-liminar-que-reduz-tempo-de-aposentadoria-para-mulheres-policiais-civis\/\">\n\t\t\t\t\t\t<span class=\"elementor-button-content-wrapper\">\n\t\t\t\t\t\t\t\t\t<span class=\"elementor-button-text\">VEJA MAIS<\/span>\n\t\t\t\t\t<\/span>\n\t\t\t\t\t<\/a>\n\t\t\t\t<\/div>\n\t\t\t\t\t\t\t\t<\/div>\n\t\t\t\t<\/div>\n\t\t\t\t<\/div>\n\t\t\t\t<\/div>\n\t\t\t\t<\/div>\n\t\t\t\t<div data-elementor-type=\"loop-item\" data-elementor-id=\"60\" class=\"elementor elementor-60 swiper-slide e-loop-item e-loop-item-537 post-537 post type-post status-publish format-standard has-post-thumbnail hentry category-noticias\" data-elementor-post-type=\"elementor_library\" role=\"group\" aria-roledescription=\"slide\" data-custom-edit-handle=\"1\">\n\t\t\t<div class=\"elementor-element elementor-element-7504a22 e-con-full e-flex e-con e-parent\" data-id=\"7504a22\" data-element_type=\"container\">\n\t\t\t\t<div class=\"elementor-element elementor-element-3b4badf elementor-widget elementor-widget-theme-post-featured-image elementor-widget-image\" data-id=\"3b4badf\" data-element_type=\"widget\" data-widget_type=\"theme-post-featured-image.default\">\n\t\t\t\t<div class=\"elementor-widget-container\">\n\t\t\t\t\t\t\t\t\t\t\t\t\t\t\t<img loading=\"lazy\" decoding=\"async\" width=\"800\" height=\"534\" src=\"http:\/\/adepolsc.org.br\/adepolsite\/wp-content\/uploads\/2024\/12\/01-3-1024x683.jpg\" class=\"attachment-large size-large wp-image-539\" alt=\"\" srcset=\"http:\/\/adepolsc.org.br\/adepolsite\/wp-content\/uploads\/2024\/12\/01-3-1024x683.jpg 1024w, http:\/\/adepolsc.org.br\/adepolsite\/wp-content\/uploads\/2024\/12\/01-3-300x200.jpg 300w, http:\/\/adepolsc.org.br\/adepolsite\/wp-content\/uploads\/2024\/12\/01-3-768x512.jpg 768w, http:\/\/adepolsc.org.br\/adepolsite\/wp-content\/uploads\/2024\/12\/01-3.jpg 1500w\" sizes=\"(max-width: 800px) 100vw, 800px\" \/>\t\t\t\t\t\t\t\t\t\t\t\t\t\t\t<\/div>\n\t\t\t\t<\/div>\n\t\t\t\t<div class=\"elementor-element elementor-element-4114aa9 elementor-widget__width-initial elementor-widget elementor-widget-theme-post-title elementor-page-title elementor-widget-heading\" data-id=\"4114aa9\" data-element_type=\"widget\" data-widget_type=\"theme-post-title.default\">\n\t\t\t\t<div class=\"elementor-widget-container\">\n\t\t\t\t\t<h1 class=\"elementor-heading-title elementor-size-default\">ADEPOL-SC SE POSICIONA CONTRA DECLARA\u00c7\u00d5ES DO PREFEITO DE FORQUILHINHA E REAFIRMA LEGITIMIDADE DAS INVESTIGA\u00c7\u00d5ES DA POL\u00cdCIA CIVIL NO MUNIC\u00cdPIO<\/h1>\t\t\t\t<\/div>\n\t\t\t\t<\/div>\n\t\t<div class=\"elementor-element elementor-element-0c703ec e-con-full e-flex e-con e-child\" data-id=\"0c703ec\" data-element_type=\"container\">\n\t\t\t\t<div class=\"elementor-element elementor-element-0a2ebbe elementor-align-center elementor-widget elementor-widget-button\" data-id=\"0a2ebbe\" data-element_type=\"widget\" data-widget_type=\"button.default\">\n\t\t\t\t<div class=\"elementor-widget-container\">\n\t\t\t\t\t\t\t\t\t<div class=\"elementor-button-wrapper\">\n\t\t\t\t\t<a class=\"elementor-button elementor-button-link elementor-size-sm\" href=\"http:\/\/adepolsc.org.br\/adepolsite\/adepol-sc-se-posiciona-contra-declaracoes-do-prefeito-de-forquilhinha-e-reafirma-legitimidade-das-investigacoes-da-policia-civil-no-municipio\/\">\n\t\t\t\t\t\t<span class=\"elementor-button-content-wrapper\">\n\t\t\t\t\t\t\t\t\t<span class=\"elementor-button-text\">VEJA MAIS<\/span>\n\t\t\t\t\t<\/span>\n\t\t\t\t\t<\/a>\n\t\t\t\t<\/div>\n\t\t\t\t\t\t\t\t<\/div>\n\t\t\t\t<\/div>\n\t\t\t\t<\/div>\n\t\t\t\t<\/div>\n\t\t\t\t<\/div>\n\t\t\t\t<div data-elementor-type=\"loop-item\" data-elementor-id=\"60\" class=\"elementor elementor-60 swiper-slide e-loop-item e-loop-item-474 post-474 post type-post status-publish format-standard has-post-thumbnail hentry category-noticias\" data-elementor-post-type=\"elementor_library\" role=\"group\" aria-roledescription=\"slide\" data-custom-edit-handle=\"1\">\n\t\t\t<div class=\"elementor-element elementor-element-7504a22 e-con-full e-flex e-con e-parent\" data-id=\"7504a22\" data-element_type=\"container\">\n\t\t\t\t<div class=\"elementor-element elementor-element-3b4badf elementor-widget elementor-widget-theme-post-featured-image elementor-widget-image\" data-id=\"3b4badf\" data-element_type=\"widget\" data-widget_type=\"theme-post-featured-image.default\">\n\t\t\t\t<div class=\"elementor-widget-container\">\n\t\t\t\t\t\t\t\t\t\t\t\t\t\t\t<img loading=\"lazy\" decoding=\"async\" width=\"800\" height=\"568\" src=\"http:\/\/adepolsc.org.br\/adepolsite\/wp-content\/uploads\/2024\/12\/01-2-1024x727.jpg\" class=\"attachment-large size-large wp-image-481\" alt=\"\" srcset=\"http:\/\/adepolsc.org.br\/adepolsite\/wp-content\/uploads\/2024\/12\/01-2-1024x727.jpg 1024w, http:\/\/adepolsc.org.br\/adepolsite\/wp-content\/uploads\/2024\/12\/01-2-300x213.jpg 300w, http:\/\/adepolsc.org.br\/adepolsite\/wp-content\/uploads\/2024\/12\/01-2-768x545.jpg 768w, http:\/\/adepolsc.org.br\/adepolsite\/wp-content\/uploads\/2024\/12\/01-2.jpg 1500w\" sizes=\"(max-width: 800px) 100vw, 800px\" \/>\t\t\t\t\t\t\t\t\t\t\t\t\t\t\t<\/div>\n\t\t\t\t<\/div>\n\t\t\t\t<div class=\"elementor-element elementor-element-4114aa9 elementor-widget__width-initial elementor-widget elementor-widget-theme-post-title elementor-page-title elementor-widget-heading\" data-id=\"4114aa9\" data-element_type=\"widget\" data-widget_type=\"theme-post-title.default\">\n\t\t\t\t<div class=\"elementor-widget-container\">\n\t\t\t\t\t<h1 class=\"elementor-heading-title elementor-size-default\">GOVERNO ANUNCIA ASSINATURA DO ANTEPROJETO DE RESGATE DOS DIREITOS PREVIDENCI\u00c1RIOS DE INTEGRALIDADE E PARIDADE<\/h1>\t\t\t\t<\/div>\n\t\t\t\t<\/div>\n\t\t<div class=\"elementor-element elementor-element-0c703ec e-con-full e-flex e-con e-child\" data-id=\"0c703ec\" data-element_type=\"container\">\n\t\t\t\t<div class=\"elementor-element elementor-element-0a2ebbe elementor-align-center elementor-widget elementor-widget-button\" data-id=\"0a2ebbe\" data-element_type=\"widget\" data-widget_type=\"button.default\">\n\t\t\t\t<div class=\"elementor-widget-container\">\n\t\t\t\t\t\t\t\t\t<div class=\"elementor-button-wrapper\">\n\t\t\t\t\t<a class=\"elementor-button elementor-button-link elementor-size-sm\" href=\"http:\/\/adepolsc.org.br\/adepolsite\/governo-anuncia-assinatura-do-anteprojeto-de-resgate-dos-direitos-previdenciarios-de-integralidade-e-paridade\/\">\n\t\t\t\t\t\t<span class=\"elementor-button-content-wrapper\">\n\t\t\t\t\t\t\t\t\t<span class=\"elementor-button-text\">VEJA MAIS<\/span>\n\t\t\t\t\t<\/span>\n\t\t\t\t\t<\/a>\n\t\t\t\t<\/div>\n\t\t\t\t\t\t\t\t<\/div>\n\t\t\t\t<\/div>\n\t\t\t\t<\/div>\n\t\t\t\t<\/div>\n\t\t\t\t<\/div>\n\t\t\t\t<\/div>\n\t\t<\/div>\n\t\t\t\t\t<div class=\"elementor-swiper-button elementor-swiper-button-prev\" role=\"button\" tabindex=\"0\">\n\t\t\t\t<svg aria-hidden=\"true\" class=\"e-font-icon-svg e-fas-angle-double-left\" viewBox=\"0 0 448 512\" xmlns=\"http:\/\/www.w3.org\/2000\/svg\"><path d=\"M223.7 239l136-136c9.4-9.4 24.6-9.4 33.9 0l22.6 22.6c9.4 9.4 9.4 24.6 0 33.9L319.9 256l96.4 96.4c9.4 9.4 9.4 24.6 0 33.9L393.7 409c-9.4 9.4-24.6 9.4-33.9 0l-136-136c-9.5-9.4-9.5-24.6-.1-34zm-192 34l136 136c9.4 9.4 24.6 9.4 33.9 0l22.6-22.6c9.4-9.4 9.4-24.6 0-33.9L127.9 256l96.4-96.4c9.4-9.4 9.4-24.6 0-33.9L201.7 103c-9.4-9.4-24.6-9.4-33.9 0l-136 136c-9.5 9.4-9.5 24.6-.1 34z\"><\/path><\/svg>\t\t\t<\/div>\n\t\t\t<div class=\"elementor-swiper-button elementor-swiper-button-next\" role=\"button\" tabindex=\"0\">\n\t\t\t\t<svg aria-hidden=\"true\" class=\"e-font-icon-svg e-fas-angle-double-right\" viewBox=\"0 0 448 512\" xmlns=\"http:\/\/www.w3.org\/2000\/svg\"><path d=\"M224.3 273l-136 136c-9.4 9.4-24.6 9.4-33.9 0l-22.6-22.6c-9.4-9.4-9.4-24.6 0-33.9l96.4-96.4-96.4-96.4c-9.4-9.4-9.4-24.6 0-33.9L54.3 103c9.4-9.4 24.6-9.4 33.9 0l136 136c9.5 9.4 9.5 24.6.1 34zm192-34l-136-136c-9.4-9.4-24.6-9.4-33.9 0l-22.6 22.6c-9.4 9.4-9.4 24.6 0 33.9l96.4 96.4-96.4 96.4c-9.4 9.4-9.4 24.6 0 33.9l22.6 22.6c9.4 9.4 24.6 9.4 33.9 0l136-136c9.4-9.2 9.4-24.4 0-33.8z\"><\/path><\/svg>\t\t\t<\/div>\n\t\t\t\t\t<div class=\"swiper-pagination\"><\/div>\n\t\t\t\t\t\t<\/div>\n\t\t\t\t<\/div>\n\t\t\t\t\t<\/div>\n\t\t\t\t<\/div>\n\t\t<div class=\"elementor-element elementor-element-ef3d6fd e-flex e-con-boxed e-con e-parent\" data-id=\"ef3d6fd\" data-element_type=\"container\" data-settings=\"{&quot;background_background&quot;:&quot;classic&quot;}\">\n\t\t\t\t\t<div class=\"e-con-inner\">\n\t\t\t\t<div class=\"elementor-element elementor-element-c9bdb1f elementor-widget elementor-widget-image\" data-id=\"c9bdb1f\" data-element_type=\"widget\" data-widget_type=\"image.default\">\n\t\t\t\t<div class=\"elementor-widget-container\">\n\t\t\t\t\t\t\t\t\t\t\t\t\t\t\t\t<a href=\"https:\/\/adepolsc.org.br\/adepolsite\/convenios\/\">\n\t\t\t\t\t\t\t<img loading=\"lazy\" decoding=\"async\" width=\"1733\" height=\"335\" src=\"http:\/\/adepolsc.org.br\/adepolsite\/wp-content\/uploads\/2024\/11\/CONVENIOS.png\" class=\"attachment-full size-full wp-image-55\" alt=\"\" srcset=\"http:\/\/adepolsc.org.br\/adepolsite\/wp-content\/uploads\/2024\/11\/CONVENIOS.png 1733w, http:\/\/adepolsc.org.br\/adepolsite\/wp-content\/uploads\/2024\/11\/CONVENIOS-300x58.png 300w, http:\/\/adepolsc.org.br\/adepolsite\/wp-content\/uploads\/2024\/11\/CONVENIOS-1024x198.png 1024w, http:\/\/adepolsc.org.br\/adepolsite\/wp-content\/uploads\/2024\/11\/CONVENIOS-768x148.png 768w, http:\/\/adepolsc.org.br\/adepolsite\/wp-content\/uploads\/2024\/11\/CONVENIOS-1536x297.png 1536w\" sizes=\"(max-width: 1733px) 100vw, 1733px\" \/>\t\t\t\t\t\t\t\t<\/a>\n\t\t\t\t\t\t\t\t\t\t\t\t\t\t\t<\/div>\n\t\t\t\t<\/div>\n\t\t\t\t\t<\/div>\n\t\t\t\t<\/div>\n\t\t\t\t<\/div>\n\t\t","protected":false},"excerpt":{"rendered":"<p>Delegadode pol\u00edciadefendendo o CATARINENSE Fique por dentro das PRINCIPAIS not\u00edcias<\/p>\n","protected":false},"author":1,"featured_media":0,"parent":0,"menu_order":0,"comment_status":"closed","ping_status":"closed","template":"","meta":{"footnotes":""},"class_list":["post-14","page","type-page","status-publish","hentry"],"_links":{"self":[{"href":"http:\/\/adepolsc.org.br\/adepolsite\/wp-json\/wp\/v2\/pages\/14","targetHints":{"allow":["GET"]}}],"collection":[{"href":"http:\/\/adepolsc.org.br\/adepolsite\/wp-json\/wp\/v2\/pages"}],"about":[{"href":"http:\/\/adepolsc.org.br\/adepolsite\/wp-json\/wp\/v2\/types\/page"}],"author":[{"embeddable":true,"href":"http:\/\/adepolsc.org.br\/adepolsite\/wp-json\/wp\/v2\/users\/1"}],"replies":[{"embeddable":true,"href":"http:\/\/adepolsc.org.br\/adepolsite\/wp-json\/wp\/v2\/comments?post=14"}],"version-history":[{"count":81,"href":"http:\/\/adepolsc.org.br\/adepolsite\/wp-json\/wp\/v2\/pages\/14\/revisions"}],"predecessor-version":[{"id":1410,"href":"http:\/\/adepolsc.org.br\/adepolsite\/wp-json\/wp\/v2\/pages\/14\/revisions\/1410"}],"wp:attachment":[{"href":"http:\/\/adepolsc.org.br\/adepolsite\/wp-json\/wp\/v2\/media?parent=14"}],"curies":[{"name":"wp","href":"https:\/\/api.w.org\/{rel}","templated":true}]}}