{"id":405,"date":"2024-11-17T19:02:30","date_gmt":"2024-11-17T19:02:30","guid":{"rendered":"https:\/\/adepolsc.org.br\/adepolsite\/?page_id=405"},"modified":"2025-01-07T15:26:23","modified_gmt":"2025-01-07T15:26:23","slug":"links-uteis","status":"publish","type":"page","link":"http:\/\/adepolsc.org.br\/adepolsite\/links-uteis\/","title":{"rendered":"Links \u00dateis"},"content":{"rendered":"\t\t<div data-elementor-type=\"wp-page\" data-elementor-id=\"405\" class=\"elementor elementor-405\" data-elementor-post-type=\"page\">\n\t\t\t\t<div class=\"elementor-element elementor-element-3b5e6e0 e-con-full e-flex e-con e-parent\" data-id=\"3b5e6e0\" data-element_type=\"container\">\n\t\t\t\t<div class=\"elementor-element elementor-element-daced5c elementor--h-position-left elementor--v-position-middle elementor-pagination-position-inside elementor-widget elementor-widget-slides\" data-id=\"daced5c\" data-element_type=\"widget\" data-settings=\"{&quot;navigation&quot;:&quot;dots&quot;,&quot;autoplay&quot;:&quot;yes&quot;,&quot;pause_on_hover&quot;:&quot;yes&quot;,&quot;pause_on_interaction&quot;:&quot;yes&quot;,&quot;autoplay_speed&quot;:5000,&quot;infinite&quot;:&quot;yes&quot;,&quot;transition&quot;:&quot;slide&quot;,&quot;transition_speed&quot;:500}\" data-widget_type=\"slides.default\">\n\t\t\t\t<div class=\"elementor-widget-container\">\n\t\t\t\t\t\t\t<div class=\"elementor-swiper\">\n\t\t\t<div class=\"elementor-slides-wrapper elementor-main-swiper swiper\" dir=\"ltr\" data-animation=\"fadeInUp\">\n\t\t\t\t<div class=\"swiper-wrapper elementor-slides\">\n\t\t\t\t\t\t\t\t\t\t<div class=\"elementor-repeater-item-498a551 swiper-slide\"><div class=\"swiper-slide-bg\" role=\"img\"><\/div><div class=\"swiper-slide-inner\" ><div class=\"swiper-slide-contents\"><div class=\"elementor-slide-heading\">LINKS \u00daTEIS<\/div><div class=\"elementor-slide-description\">Abaixo, disponibilizamos uma rela\u00e7\u00e3o de links \u00fateis que podem lhe interessar.\n<\/div><\/div><\/div><\/div>\t\t\t\t<\/div>\n\t\t\t\t\t\t\t<\/div>\n\t\t<\/div>\n\t\t\t\t\t\t<\/div>\n\t\t\t\t<\/div>\n\t\t\t\t<\/div>\n\t\t<div class=\"elementor-element elementor-element-20122f4 e-flex e-con-boxed e-con e-parent\" data-id=\"20122f4\" data-element_type=\"container\">\n\t\t\t\t\t<div class=\"e-con-inner\">\n\t\t<div class=\"elementor-element elementor-element-5379d96 e-con-full e-flex e-con e-child\" data-id=\"5379d96\" data-element_type=\"container\">\n\t\t<div class=\"elementor-element elementor-element-f24f9db e-con-full e-flex e-con e-child\" data-id=\"f24f9db\" data-element_type=\"container\">\n\t\t\t\t<div class=\"elementor-element elementor-element-c80c4bd elementor-widget elementor-widget-heading\" data-id=\"c80c4bd\" data-element_type=\"widget\" data-widget_type=\"heading.default\">\n\t\t\t\t<div class=\"elementor-widget-container\">\n\t\t\t\t\t<h2 class=\"elementor-heading-title elementor-size-default\">Consultor Jur\u00eddico<\/h2>\t\t\t\t<\/div>\n\t\t\t\t<\/div>\n\t\t\t\t<div class=\"elementor-element elementor-element-9ef4754 elementor-widget elementor-widget-heading\" data-id=\"9ef4754\" data-element_type=\"widget\" data-widget_type=\"heading.default\">\n\t\t\t\t<div class=\"elementor-widget-container\">\n\t\t\t\t\t<h2 class=\"elementor-heading-title elementor-size-default\"><a href=\"https:\/\/www.conjur.com.br\/\">https:\/\/www.conjur.com.br\/<\/a><\/h2>\t\t\t\t<\/div>\n\t\t\t\t<\/div>\n\t\t\t\t<\/div>\n\t\t<div class=\"elementor-element elementor-element-c5108b1 e-con-full e-flex e-con e-child\" data-id=\"c5108b1\" data-element_type=\"container\">\n\t\t\t\t<div class=\"elementor-element elementor-element-98496b8 elementor-widget elementor-widget-heading\" data-id=\"98496b8\" data-element_type=\"widget\" data-widget_type=\"heading.default\">\n\t\t\t\t<div class=\"elementor-widget-container\">\n\t\t\t\t\t<h2 class=\"elementor-heading-title elementor-size-default\">OAB SC<\/h2>\t\t\t\t<\/div>\n\t\t\t\t<\/div>\n\t\t\t\t<div class=\"elementor-element elementor-element-09cb1aa elementor-widget elementor-widget-text-editor\" data-id=\"09cb1aa\" data-element_type=\"widget\" data-widget_type=\"text-editor.default\">\n\t\t\t\t<div class=\"elementor-widget-container\">\n\t\t\t\t\t\t\t\t\t<p><a href=\"https:\/\/www.oab-sc.org.br\/home\">https:\/\/www.oab-sc.org.br\/home<\/a><\/p>\t\t\t\t\t\t\t\t<\/div>\n\t\t\t\t<\/div>\n\t\t\t\t<\/div>\n\t\t<div class=\"elementor-element elementor-element-4719b2a e-con-full e-flex e-con e-child\" data-id=\"4719b2a\" data-element_type=\"container\">\n\t\t\t\t<div class=\"elementor-element elementor-element-27c035b elementor-widget elementor-widget-heading\" data-id=\"27c035b\" data-element_type=\"widget\" data-widget_type=\"heading.default\">\n\t\t\t\t<div class=\"elementor-widget-container\">\n\t\t\t\t\t<h2 class=\"elementor-heading-title elementor-size-default\">JusCatarina<\/h2>\t\t\t\t<\/div>\n\t\t\t\t<\/div>\n\t\t\t\t<div class=\"elementor-element elementor-element-e0acaf0 elementor-widget elementor-widget-text-editor\" data-id=\"e0acaf0\" data-element_type=\"widget\" data-widget_type=\"text-editor.default\">\n\t\t\t\t<div class=\"elementor-widget-container\">\n\t\t\t\t\t\t\t\t\t<p><a href=\"https:\/\/www.juscatarina.com.br\/\">https:\/\/www.juscatarina.com.br\/<\/a><\/p>\t\t\t\t\t\t\t\t<\/div>\n\t\t\t\t<\/div>\n\t\t\t\t<\/div>\n\t\t<div class=\"elementor-element elementor-element-cf0c59d e-con-full e-flex e-con e-child\" data-id=\"cf0c59d\" data-element_type=\"container\">\n\t\t\t\t<div class=\"elementor-element elementor-element-0a89940 elementor-widget elementor-widget-heading\" data-id=\"0a89940\" data-element_type=\"widget\" data-widget_type=\"heading.default\">\n\t\t\t\t<div class=\"elementor-widget-container\">\n\t\t\t\t\t<h2 class=\"elementor-heading-title elementor-size-default\">Portal Nacional dos Delegados<\/h2>\t\t\t\t<\/div>\n\t\t\t\t<\/div>\n\t\t\t\t<div class=\"elementor-element elementor-element-e64b744 elementor-widget elementor-widget-text-editor\" data-id=\"e64b744\" data-element_type=\"widget\" data-widget_type=\"text-editor.default\">\n\t\t\t\t<div class=\"elementor-widget-container\">\n\t\t\t\t\t\t\t\t\t<p><a href=\"https:\/\/delegados.com.br\/\">https:\/\/delegados.com.br\/<\/a><\/p>\t\t\t\t\t\t\t\t<\/div>\n\t\t\t\t<\/div>\n\t\t\t\t<\/div>\n\t\t<div class=\"elementor-element elementor-element-8bef99b e-con-full e-flex e-con e-child\" data-id=\"8bef99b\" data-element_type=\"container\">\n\t\t\t\t<div class=\"elementor-element elementor-element-8cc88f6 elementor-widget elementor-widget-heading\" data-id=\"8cc88f6\" data-element_type=\"widget\" data-widget_type=\"heading.default\">\n\t\t\t\t<div class=\"elementor-widget-container\">\n\t\t\t\t\t<h2 class=\"elementor-heading-title elementor-size-default\">Emp\u00f3rio do Direito<\/h2>\t\t\t\t<\/div>\n\t\t\t\t<\/div>\n\t\t\t\t<div class=\"elementor-element elementor-element-0b53501 elementor-widget elementor-widget-text-editor\" data-id=\"0b53501\" data-element_type=\"widget\" data-widget_type=\"text-editor.default\">\n\t\t\t\t<div class=\"elementor-widget-container\">\n\t\t\t\t\t\t\t\t\t<p><a href=\"https:\/\/delegados.com.br\/\">https:\/\/delegados.com.br\/<\/a><\/p>\t\t\t\t\t\t\t\t<\/div>\n\t\t\t\t<\/div>\n\t\t\t\t<\/div>\n\t\t\t\t<\/div>\n\t\t<div class=\"elementor-element elementor-element-91054c0 e-con-full e-flex e-con e-child\" data-id=\"91054c0\" data-element_type=\"container\">\n\t\t<div class=\"elementor-element elementor-element-fc393c1 e-con-full e-flex e-con e-child\" data-id=\"fc393c1\" data-element_type=\"container\">\n\t\t\t\t<div class=\"elementor-element elementor-element-7d45f42 elementor-widget elementor-widget-heading\" data-id=\"7d45f42\" data-element_type=\"widget\" data-widget_type=\"heading.default\">\n\t\t\t\t<div class=\"elementor-widget-container\">\n\t\t\t\t\t<h2 class=\"elementor-heading-title elementor-size-default\">Pol\u00edcia Civil SC<\/h2>\t\t\t\t<\/div>\n\t\t\t\t<\/div>\n\t\t\t\t<div class=\"elementor-element elementor-element-f3adf8e elementor-widget elementor-widget-heading\" data-id=\"f3adf8e\" data-element_type=\"widget\" data-widget_type=\"heading.default\">\n\t\t\t\t<div class=\"elementor-widget-container\">\n\t\t\t\t\t<h2 class=\"elementor-heading-title elementor-size-default\"><a href=\"http:\/\/www.pc.sc.gov.br\/\">http:\/\/www.pc.sc.gov.br\/<\/a><\/h2>\t\t\t\t<\/div>\n\t\t\t\t<\/div>\n\t\t\t\t<\/div>\n\t\t<div class=\"elementor-element elementor-element-0345d51 e-con-full e-flex e-con e-child\" data-id=\"0345d51\" data-element_type=\"container\">\n\t\t\t\t<div class=\"elementor-element elementor-element-51a3234 elementor-widget elementor-widget-heading\" data-id=\"51a3234\" data-element_type=\"widget\" data-widget_type=\"heading.default\">\n\t\t\t\t<div class=\"elementor-widget-container\">\n\t\t\t\t\t<h2 class=\"elementor-heading-title elementor-size-default\">Governo de SC<\/h2>\t\t\t\t<\/div>\n\t\t\t\t<\/div>\n\t\t\t\t<div class=\"elementor-element elementor-element-0fd25cb elementor-widget elementor-widget-text-editor\" data-id=\"0fd25cb\" data-element_type=\"widget\" data-widget_type=\"text-editor.default\">\n\t\t\t\t<div class=\"elementor-widget-container\">\n\t\t\t\t\t\t\t\t\t<p><a href=\"https:\/\/www.sc.gov.br\/\">https:\/\/www.sc.gov.br\/<\/a><\/p>\t\t\t\t\t\t\t\t<\/div>\n\t\t\t\t<\/div>\n\t\t\t\t<\/div>\n\t\t<div class=\"elementor-element elementor-element-267e5ef e-con-full e-flex e-con e-child\" data-id=\"267e5ef\" data-element_type=\"container\">\n\t\t\t\t<div class=\"elementor-element elementor-element-ebabb58 elementor-widget elementor-widget-heading\" data-id=\"ebabb58\" data-element_type=\"widget\" data-widget_type=\"heading.default\">\n\t\t\t\t<div class=\"elementor-widget-container\">\n\t\t\t\t\t<h2 class=\"elementor-heading-title elementor-size-default\">MPSC<\/h2>\t\t\t\t<\/div>\n\t\t\t\t<\/div>\n\t\t\t\t<div class=\"elementor-element elementor-element-ce797be elementor-widget elementor-widget-text-editor\" data-id=\"ce797be\" data-element_type=\"widget\" data-widget_type=\"text-editor.default\">\n\t\t\t\t<div class=\"elementor-widget-container\">\n\t\t\t\t\t\t\t\t\t<p><a href=\"https:\/\/www.mpsc.mp.br\/\">https:\/\/www.mpsc.mp.br\/<\/a><\/p>\t\t\t\t\t\t\t\t<\/div>\n\t\t\t\t<\/div>\n\t\t\t\t<\/div>\n\t\t<div class=\"elementor-element elementor-element-80c2431 e-con-full e-flex e-con e-child\" data-id=\"80c2431\" data-element_type=\"container\">\n\t\t\t\t<div class=\"elementor-element elementor-element-1280f8b elementor-widget elementor-widget-heading\" data-id=\"1280f8b\" data-element_type=\"widget\" data-widget_type=\"heading.default\">\n\t\t\t\t<div class=\"elementor-widget-container\">\n\t\t\t\t\t<h2 class=\"elementor-heading-title elementor-size-default\">TJSC<\/h2>\t\t\t\t<\/div>\n\t\t\t\t<\/div>\n\t\t\t\t<div class=\"elementor-element elementor-element-8296982 elementor-widget elementor-widget-text-editor\" data-id=\"8296982\" data-element_type=\"widget\" data-widget_type=\"text-editor.default\">\n\t\t\t\t<div class=\"elementor-widget-container\">\n\t\t\t\t\t\t\t\t\t<p><a href=\"https:\/\/www.tjsc.jus.br\/\">https:\/\/www.tjsc.jus.br\/<\/a><\/p>\t\t\t\t\t\t\t\t<\/div>\n\t\t\t\t<\/div>\n\t\t\t\t<\/div>\n\t\t<div class=\"elementor-element elementor-element-ce7b9ab e-con-full e-flex e-con e-child\" data-id=\"ce7b9ab\" data-element_type=\"container\">\n\t\t\t\t<div class=\"elementor-element elementor-element-d660f93 elementor-widget elementor-widget-heading\" data-id=\"d660f93\" data-element_type=\"widget\" data-widget_type=\"heading.default\">\n\t\t\t\t<div class=\"elementor-widget-container\">\n\t\t\t\t\t<h2 class=\"elementor-heading-title elementor-size-default\">Minist\u00e9rio da Justi\u00e7a e Seguran\u00e7a P\u00fablica<\/h2>\t\t\t\t<\/div>\n\t\t\t\t<\/div>\n\t\t\t\t<div class=\"elementor-element elementor-element-9fb2f30 elementor-widget elementor-widget-text-editor\" data-id=\"9fb2f30\" data-element_type=\"widget\" data-widget_type=\"text-editor.default\">\n\t\t\t\t<div class=\"elementor-widget-container\">\n\t\t\t\t\t\t\t\t\t<p><a href=\"https:\/\/www.novo.justica.gov.br\/\">https:\/\/www.novo.justica.gov.br\/<\/a><\/p>\t\t\t\t\t\t\t\t<\/div>\n\t\t\t\t<\/div>\n\t\t\t\t<\/div>\n\t\t\t\t<\/div>\n\t\t\t\t\t<\/div>\n\t\t\t\t<\/div>\n\t\t\t\t<\/div>\n\t\t","protected":false},"excerpt":{"rendered":"<p>LINKS \u00daTEISAbaixo, disponibilizamos uma rela\u00e7\u00e3o de links \u00fateis que podem lhe interessar. Consultor Jur\u00eddico https:\/\/www.conjur.com.br\/ OAB SC https:\/\/www.oab-sc.org.br\/home JusCatarina https:\/\/www.juscatarina.com.br\/ Portal Nacional dos Delegados https:\/\/delegados.com.br\/ Emp\u00f3rio do Direito https:\/\/delegados.com.br\/ Pol\u00edcia Civil SC http:\/\/www.pc.sc.gov.br\/ Governo de SC https:\/\/www.sc.gov.br\/ MPSC https:\/\/www.mpsc.mp.br\/ TJSC https:\/\/www.tjsc.jus.br\/ Minist\u00e9rio da Justi\u00e7a e Seguran\u00e7a P\u00fablica https:\/\/www.novo.justica.gov.br\/<\/p>\n","protected":false},"author":1,"featured_media":0,"parent":0,"menu_order":0,"comment_status":"closed","ping_status":"closed","template":"","meta":{"footnotes":""},"class_list":["post-405","page","type-page","status-publish","hentry"],"_links":{"self":[{"href":"http:\/\/adepolsc.org.br\/adepolsite\/wp-json\/wp\/v2\/pages\/405","targetHints":{"allow":["GET"]}}],"collection":[{"href":"http:\/\/adepolsc.org.br\/adepolsite\/wp-json\/wp\/v2\/pages"}],"about":[{"href":"http:\/\/adepolsc.org.br\/adepolsite\/wp-json\/wp\/v2\/types\/page"}],"author":[{"embeddable":true,"href":"http:\/\/adepolsc.org.br\/adepolsite\/wp-json\/wp\/v2\/users\/1"}],"replies":[{"embeddable":true,"href":"http:\/\/adepolsc.org.br\/adepolsite\/wp-json\/wp\/v2\/comments?post=405"}],"version-history":[{"count":10,"href":"http:\/\/adepolsc.org.br\/adepolsite\/wp-json\/wp\/v2\/pages\/405\/revisions"}],"predecessor-version":[{"id":1285,"href":"http:\/\/adepolsc.org.br\/adepolsite\/wp-json\/wp\/v2\/pages\/405\/revisions\/1285"}],"wp:attachment":[{"href":"http:\/\/adepolsc.org.br\/adepolsite\/wp-json\/wp\/v2\/media?parent=405"}],"curies":[{"name":"wp","href":"https:\/\/api.w.org\/{rel}","templated":true}]}}