{"id":399,"date":"2024-11-17T18:25:24","date_gmt":"2024-11-17T18:25:24","guid":{"rendered":"https:\/\/adepolsc.org.br\/adepolsite\/?page_id=399"},"modified":"2025-01-07T15:23:43","modified_gmt":"2025-01-07T15:23:43","slug":"legislacao","status":"publish","type":"page","link":"https:\/\/adepolsc.org.br\/adepolsite\/legislacao\/","title":{"rendered":"Legisla\u00e7\u00e3o"},"content":{"rendered":"\t\t<div data-elementor-type=\"wp-page\" data-elementor-id=\"399\" class=\"elementor elementor-399\" data-elementor-post-type=\"page\">\n\t\t\t\t<div class=\"elementor-element elementor-element-a60cc99 e-con-full e-flex e-con e-parent\" data-id=\"a60cc99\" data-element_type=\"container\">\n\t\t\t\t<div class=\"elementor-element elementor-element-63c29c9 elementor--h-position-left elementor--v-position-middle elementor-pagination-position-inside elementor-widget elementor-widget-slides\" data-id=\"63c29c9\" data-element_type=\"widget\" data-settings=\"{&quot;navigation&quot;:&quot;dots&quot;,&quot;autoplay&quot;:&quot;yes&quot;,&quot;pause_on_hover&quot;:&quot;yes&quot;,&quot;pause_on_interaction&quot;:&quot;yes&quot;,&quot;autoplay_speed&quot;:5000,&quot;infinite&quot;:&quot;yes&quot;,&quot;transition&quot;:&quot;slide&quot;,&quot;transition_speed&quot;:500}\" data-widget_type=\"slides.default\">\n\t\t\t\t<div class=\"elementor-widget-container\">\n\t\t\t\t\t\t\t<div class=\"elementor-swiper\">\n\t\t\t<div class=\"elementor-slides-wrapper elementor-main-swiper swiper\" dir=\"ltr\" data-animation=\"fadeInUp\">\n\t\t\t\t<div class=\"swiper-wrapper elementor-slides\">\n\t\t\t\t\t\t\t\t\t\t<div class=\"elementor-repeater-item-498a551 swiper-slide\"><div class=\"swiper-slide-bg\" role=\"img\"><\/div><div class=\"swiper-slide-inner\" ><div class=\"swiper-slide-contents\"><div class=\"elementor-slide-heading\">Legisla\u00e7\u00e3o<\/div><div class=\"elementor-slide-description\">Abaixo, disponibilizamos uma rela\u00e7\u00e3o de leis, normas e atos que podem lhe interessar.\n<\/div><\/div><\/div><\/div>\t\t\t\t<\/div>\n\t\t\t\t\t\t\t<\/div>\n\t\t<\/div>\n\t\t\t\t\t\t<\/div>\n\t\t\t\t<\/div>\n\t\t\t\t<\/div>\n\t\t<div class=\"elementor-element elementor-element-1611944 e-con-full e-flex e-con e-parent\" data-id=\"1611944\" data-element_type=\"container\" data-settings=\"{&quot;background_background&quot;:&quot;classic&quot;}\">\n\t\t<div class=\"elementor-element elementor-element-17d3f17 e-con-full e-flex e-con e-child\" data-id=\"17d3f17\" data-element_type=\"container\" id=\"noticias-sec-banner\">\n\t\t\t\t<\/div>\n\t\t\t\t<\/div>\n\t\t<div class=\"elementor-element elementor-element-7fd4286 e-flex e-con-boxed e-con e-parent\" data-id=\"7fd4286\" data-element_type=\"container\">\n\t\t\t\t\t<div class=\"e-con-inner\">\n\t\t\t\t<div class=\"elementor-element elementor-element-4851d8b elementor-widget elementor-widget-heading\" data-id=\"4851d8b\" data-element_type=\"widget\" data-widget_type=\"heading.default\">\n\t\t\t\t<div class=\"elementor-widget-container\">\n\t\t\t\t\t<h2 class=\"elementor-heading-title elementor-size-default\">Institucional<\/h2>\t\t\t\t<\/div>\n\t\t\t\t<\/div>\n\t\t\t\t<div class=\"elementor-element elementor-element-cfd5cb3 elementor-widget elementor-widget-text-editor\" data-id=\"cfd5cb3\" data-element_type=\"widget\" data-widget_type=\"text-editor.default\">\n\t\t\t\t<div class=\"elementor-widget-container\">\n\t\t\t\t\t\t\t\t\t<p><a href=\"https:\/\/nbrasilcomunicacao.com.br\/clientes\/adepol\/ESTATUTO-ADEPOL-SC.pdf\">Estatuto da ADEPOL-SC<\/a><br \/><a href=\"https:\/\/www.adepolsc.org.br\/adepol\/wp-content\/uploads\/2021\/12\/PolI%CC%81tica-de-Privacidade4322.pdf\">Pol\u00edtica de Privacidade<\/a><\/p>\t\t\t\t\t\t\t\t<\/div>\n\t\t\t\t<\/div>\n\t\t\t\t\t<\/div>\n\t\t\t\t<\/div>\n\t\t<div class=\"elementor-element elementor-element-8b5bee9 e-flex e-con-boxed e-con e-parent\" data-id=\"8b5bee9\" data-element_type=\"container\">\n\t\t\t\t\t<div class=\"e-con-inner\">\n\t\t\t\t<div class=\"elementor-element elementor-element-d1ed2c3 elementor-widget elementor-widget-heading\" data-id=\"d1ed2c3\" data-element_type=\"widget\" data-widget_type=\"heading.default\">\n\t\t\t\t<div class=\"elementor-widget-container\">\n\t\t\t\t\t<h2 class=\"elementor-heading-title elementor-size-default\">Portarias<\/h2>\t\t\t\t<\/div>\n\t\t\t\t<\/div>\n\t\t\t\t<div class=\"elementor-element elementor-element-a65de9f elementor-widget elementor-widget-text-editor\" data-id=\"a65de9f\" data-element_type=\"widget\" data-widget_type=\"text-editor.default\">\n\t\t\t\t<div class=\"elementor-widget-container\">\n\t\t\t\t\t\t\t\t\t<p><a href=\"https:\/\/www.adepolsc.org.br\/adepol\/wp-content\/uploads\/2023\/01\/PORTARIA-N%C2%BA-01-DIRETORIA-EXECUTIVA-2023.pdf\">Portaria 01 Diretoria Executiva 2023<\/a><\/p>\t\t\t\t\t\t\t\t<\/div>\n\t\t\t\t<\/div>\n\t\t\t\t\t<\/div>\n\t\t\t\t<\/div>\n\t\t<div class=\"elementor-element elementor-element-2c0d585 e-flex e-con-boxed e-con e-parent\" data-id=\"2c0d585\" data-element_type=\"container\">\n\t\t\t\t\t<div class=\"e-con-inner\">\n\t\t\t\t<div class=\"elementor-element elementor-element-b78dc07 elementor-widget elementor-widget-heading\" data-id=\"b78dc07\" data-element_type=\"widget\" data-widget_type=\"heading.default\">\n\t\t\t\t<div class=\"elementor-widget-container\">\n\t\t\t\t\t<h2 class=\"elementor-heading-title elementor-size-default\">Estadual<\/h2>\t\t\t\t<\/div>\n\t\t\t\t<\/div>\n\t\t\t\t<div class=\"elementor-element elementor-element-fcf6f2c elementor-widget elementor-widget-text-editor\" data-id=\"fcf6f2c\" data-element_type=\"widget\" data-widget_type=\"text-editor.default\">\n\t\t\t\t<div class=\"elementor-widget-container\">\n\t\t\t\t\t\t\t\t\t<p><a href=\"https:\/\/www.alesc.sc.gov.br\/legislacao\">Constitui\u00e7\u00e3o Estadual de Santa Catarina ACESSAR LINK<\/a><br \/><a href=\"https:\/\/leis.alesc.sc.gov.br\/html\/1986\/6843_1986_lei.html#:~:text=LEI%20N%C2%BA%206.843%2C%20de%2028%20de%20julho%20de%201986&amp;text=Disp%C3%B5e%20sobre%20o%20Estatuto%20da%20Pol%C3%ADcia%20Civil%20do%20Estado%20de%20Santa%20Catarina.&amp;text=%C3%89%20proibida%20a%20presta%C3%A7%C3%A3o%20de%20servi%C3%A7os%20gratuitos%20%C3%A0%20Pol%C3%ADcia%20Civil\">Lei 6.843\/1986 &#8211; Disp\u00f5e sobre o Estatuto da Pol\u00edcia Civil de SC BAIXAR ARQUIVO<\/a><br \/><a href=\"https:\/\/leis.alesc.sc.gov.br\/html\/2009\/453_2009_Lei_complementar.html#:~:text=Institui%20Plano%20de%20Carreira%20do,Civil%2C%20e%20adota%20outras%20provid%C3%AAncias.&amp;text=As%20entr%C3%A2ncias%20da%20carreira%20de,Anexo%20I%20desta%20Lei%20Complementar\">Lei Complementar 453\/2009 &#8211; Institui o plano de carreira da Seguran\u00e7a P\u00fablica de SC BAIXAR ARQUIVO<\/a><br \/><a href=\"https:\/\/leis.alesc.sc.gov.br\/html\/2013\/609_2013_Lei_complementar.html#:~:text=LEI%20COMPLEMENTAR%20N%C2%BA%20609%2C%20de%2020%20de%20dezembro%20de%202013&amp;text=Fixa%20o%20subs%C3%ADdio%20mensal%20dos,Estado%20e%20estabelece%20outras%20provid%C3%AAncias\">Lei Complementar 609\/2013 &#8211; Institui o Subs\u00eddio ao Delegado de Pol\u00edcia de SC BAIXAR ARQUIVO<\/a><br \/><a href=\"https:\/\/leis.alesc.sc.gov.br\/html\/1975\/5126_1975_Lei.html\">Lei n\u00b0 5.126 de 30\/1975 &#8211; Reconheceu a utilidade p\u00fablica da ADEPOL-SC BAIXAR ARQUIVO<\/a><br \/><a href=\"https:\/\/leis.alesc.sc.gov.br\/emendas-constitucionais\">Emendas Constitucionais do Estado de Santa Catarina ACESSAR LINK<\/a><br \/><a href=\"https:\/\/leis.alesc.sc.gov.br\/\">Pesquisar outras leis estaduais ACESSAR LINK<\/a><\/p>\t\t\t\t\t\t\t\t<\/div>\n\t\t\t\t<\/div>\n\t\t\t\t\t<\/div>\n\t\t\t\t<\/div>\n\t\t<div class=\"elementor-element elementor-element-84bbc55 e-flex e-con-boxed e-con e-parent\" data-id=\"84bbc55\" data-element_type=\"container\">\n\t\t\t\t\t<div class=\"e-con-inner\">\n\t\t\t\t<div class=\"elementor-element elementor-element-49f5303 elementor-widget elementor-widget-heading\" data-id=\"49f5303\" data-element_type=\"widget\" data-widget_type=\"heading.default\">\n\t\t\t\t<div class=\"elementor-widget-container\">\n\t\t\t\t\t<h2 class=\"elementor-heading-title elementor-size-default\">Federal<\/h2>\t\t\t\t<\/div>\n\t\t\t\t<\/div>\n\t\t\t\t<div class=\"elementor-element elementor-element-a57e3cd elementor-widget elementor-widget-text-editor\" data-id=\"a57e3cd\" data-element_type=\"widget\" data-widget_type=\"text-editor.default\">\n\t\t\t\t<div class=\"elementor-widget-container\">\n\t\t\t\t\t\t\t\t\t<p><a href=\"https:\/\/www.planalto.gov.br\/ccivil_03\/Constituicao\/Constituicao.htm\">Constitui\u00e7\u00e3o da Rep\u00fablica Federativa do Brasil de 1988 ACESSAR LINK<\/a><br \/><a href=\"https:\/\/www.planalto.gov.br\/ccivil_03\/Constituicao\/Emendas\/Emc\/quadro_emc.htm\">Emendas Constitucionais ACESSAR LINK<\/a><br \/><a href=\"https:\/\/www.planalto.gov.br\/ccivil_03\/Decreto-Lei\/Del2848compilado.htm\">C\u00f3digo Penal ACESSAR LINK<\/a><br \/><a href=\"https:\/\/www.planalto.gov.br\/ccivil_03\/Decreto-Lei\/Del3689Compilado.htm\">C\u00f3digo de Processo Penal ACESSAR LINK<\/a><br \/><a href=\"https:\/\/www.planalto.gov.br\/ccivil_03\/_Ato2015-2018\/2018\/Lei\/L13756.htm\">Lei 13.756\/2018 &#8211; Disp\u00f5e sobre o Fundo Nacional de Seguran\u00e7a P\u00fablica (FNSP)<\/a><br \/><a href=\"https:\/\/www.planalto.gov.br\/CCIVIL_03\/_Ato2011-2014\/2013\/Lei\/L12830.htm\">Lei 12.830\/2013 &#8211; Disp\u00f5e sobre a investiga\u00e7\u00e3o criminal conduzida pelo delegado de pol\u00edcia ACESSAR LINK<\/a><br \/><a href=\"https:\/\/www.planalto.gov.br\/ccivil_03\/_Ato2011-2014\/2013\/Lei\/L12850.htm\">Lei 12.850\/2013 &#8211; Define organiza\u00e7\u00e3o criminosa e disp\u00f5e sobre a investiga\u00e7\u00e3o criminal ACESSAR LINK<\/a><br \/><a href=\"https:\/\/www.planalto.gov.br\/CCIVIL_03\/_Ato2011-2014\/2012\/Lei\/L12683.htm\">Lei 12.683\/2012 &#8211; Altera a Lei no 9.613 que trata sobre lavagem de dinheiro ACESSAR LINK<\/a><br \/><a href=\"https:\/\/www.planalto.gov.br\/CCIVIL_03\/_Ato2015-2018\/2018\/Lei\/L13675.htm\">Lei 13.675\/2018 &#8211; Disciplina a organiza\u00e7\u00e3o e o funcionamento dos \u00f3rg\u00e3os respons\u00e1veis pela seguran\u00e7a p\u00fablica<\/a><br \/><a href=\"https:\/\/www.planalto.gov.br\/ccivil_03\/_Ato2011-2014\/2011\/Lei\/L12403.htm\">Lei 12.403\/2011 &#8211; Altera dispositivos relativos \u00e0 pris\u00e3o processual, fian\u00e7a&#8230; ACESSAR LINK<\/a><br \/><a href=\"https:\/\/www.planalto.gov.br\/ccivil_03\/_Ato2007-2010\/2009\/Lei\/L12015.htm\">Lei 12.015\/2009 &#8211; Disp\u00f5e sobre crimes sexuais ACESSAR LINK<\/a><br \/><a href=\"https:\/\/www.planalto.gov.br\/ccivil_03\/_Ato2004-2006\/2006\/Lei\/L11343.htm\">Lei 11.343\/2006 &#8211; Lei de Drogas ACESSAR LINK<\/a><br \/><a href=\"https:\/\/www.planalto.gov.br\/ccivil_03\/Leis\/2003\/L10.826.htm\">Lei 10.826\/2003 &#8211; Estatuto do Desarmamento ACESSAR LINK<\/a><br \/><a href=\"https:\/\/www.planalto.gov.br\/ccivil_03\/_ato2011-2014\/2014\/lei\/l12971.htm#art2\">Lei n.\u00ba 12.971 &#8211; altera artigos do C\u00f3digo de Tr\u00e2nsito Brasileiro ACESSAR LINK<\/a><br \/><a href=\"https:\/\/www4.planalto.gov.br\/legislacao\/portal-legis\/legislacao-1\/codigos-1\">C\u00f3digos &#8211; normas de um mesmo ramo do direito ACESSAR LINK<\/a><br \/><a href=\"https:\/\/www4.planalto.gov.br\/legislacao\/portal-legis\/legislacao-1\/estatutos\">Estatutos Federais ACESSAR LINK<\/a><br \/><a href=\"https:\/\/www4.planalto.gov.br\/legislacao\/portal-legis\/legislacao-1\/medidas-provisorias\">Medidas Provis\u00f3rias ACESSAR LINK<\/a><br \/><a href=\"https:\/\/legislacao.presidencia.gov.br\/\">Pesquisar outras leis federais ACESSAR LINK<\/a><\/p>\t\t\t\t\t\t\t\t<\/div>\n\t\t\t\t<\/div>\n\t\t\t\t\t<\/div>\n\t\t\t\t<\/div>\n\t\t\t\t<\/div>\n\t\t","protected":false},"excerpt":{"rendered":"<p>Legisla\u00e7\u00e3oAbaixo, disponibilizamos uma rela\u00e7\u00e3o de leis, normas e atos que podem lhe interessar. Institucional Estatuto da ADEPOL-SCPol\u00edtica de Privacidade Portarias Portaria 01 Diretoria Executiva 2023 Estadual Constitui\u00e7\u00e3o Estadual de Santa Catarina ACESSAR LINKLei 6.843\/1986 &#8211; Disp\u00f5e sobre o Estatuto da Pol\u00edcia Civil de SC BAIXAR ARQUIVOLei Complementar 453\/2009 &#8211; Institui o plano de carreira da [&hellip;]<\/p>\n","protected":false},"author":1,"featured_media":0,"parent":0,"menu_order":0,"comment_status":"closed","ping_status":"closed","template":"","meta":{"footnotes":""},"class_list":["post-399","page","type-page","status-publish","hentry"],"_links":{"self":[{"href":"https:\/\/adepolsc.org.br\/adepolsite\/wp-json\/wp\/v2\/pages\/399","targetHints":{"allow":["GET"]}}],"collection":[{"href":"https:\/\/adepolsc.org.br\/adepolsite\/wp-json\/wp\/v2\/pages"}],"about":[{"href":"https:\/\/adepolsc.org.br\/adepolsite\/wp-json\/wp\/v2\/types\/page"}],"author":[{"embeddable":true,"href":"https:\/\/adepolsc.org.br\/adepolsite\/wp-json\/wp\/v2\/users\/1"}],"replies":[{"embeddable":true,"href":"https:\/\/adepolsc.org.br\/adepolsite\/wp-json\/wp\/v2\/comments?post=399"}],"version-history":[{"count":19,"href":"https:\/\/adepolsc.org.br\/adepolsite\/wp-json\/wp\/v2\/pages\/399\/revisions"}],"predecessor-version":[{"id":1282,"href":"https:\/\/adepolsc.org.br\/adepolsite\/wp-json\/wp\/v2\/pages\/399\/revisions\/1282"}],"wp:attachment":[{"href":"https:\/\/adepolsc.org.br\/adepolsite\/wp-json\/wp\/v2\/media?parent=399"}],"curies":[{"name":"wp","href":"https:\/\/api.w.org\/{rel}","templated":true}]}}