{"id":580,"date":"2024-12-08T14:20:31","date_gmt":"2024-12-08T14:20:31","guid":{"rendered":"https:\/\/adepolsc.org.br\/adepolsite\/?page_id=580"},"modified":"2024-12-08T15:43:02","modified_gmt":"2024-12-08T15:43:02","slug":"enfrentamento-da-corrupcao-e-investigacao-criminal-tecnologica-procedimentos","status":"publish","type":"page","link":"https:\/\/adepolsc.org.br\/adepolsite\/enfrentamento-da-corrupcao-e-investigacao-criminal-tecnologica-procedimentos\/","title":{"rendered":"Enfrentamento da Corrup\u00e7\u00e3o e Investiga\u00e7\u00e3o Criminal Tecnol\u00f3gica Procedimentos"},"content":{"rendered":"\t\t<div data-elementor-type=\"wp-page\" data-elementor-id=\"580\" class=\"elementor elementor-580\" data-elementor-post-type=\"page\">\n\t\t\t\t<div class=\"elementor-element elementor-element-a60cc99 e-con-full e-flex e-con e-parent\" data-id=\"a60cc99\" data-element_type=\"container\">\n\t\t\t\t<div class=\"elementor-element elementor-element-63c29c9 elementor--h-position-left elementor--v-position-middle elementor-pagination-position-inside elementor-widget elementor-widget-slides\" data-id=\"63c29c9\" data-element_type=\"widget\" data-settings=\"{&quot;navigation&quot;:&quot;dots&quot;,&quot;autoplay&quot;:&quot;yes&quot;,&quot;pause_on_hover&quot;:&quot;yes&quot;,&quot;pause_on_interaction&quot;:&quot;yes&quot;,&quot;autoplay_speed&quot;:5000,&quot;infinite&quot;:&quot;yes&quot;,&quot;transition&quot;:&quot;slide&quot;,&quot;transition_speed&quot;:500}\" data-widget_type=\"slides.default\">\n\t\t\t\t<div class=\"elementor-widget-container\">\n\t\t\t\t\t\t\t<div class=\"elementor-swiper\">\n\t\t\t<div class=\"elementor-slides-wrapper elementor-main-swiper swiper\" dir=\"ltr\" data-animation=\"fadeInUp\">\n\t\t\t\t<div class=\"swiper-wrapper elementor-slides\">\n\t\t\t\t\t\t\t\t\t\t<div class=\"elementor-repeater-item-498a551 swiper-slide\"><div class=\"swiper-slide-bg\" role=\"img\"><\/div><div class=\"swiper-slide-inner\" ><div class=\"swiper-slide-contents\"><div class=\"elementor-slide-heading\">livros<\/div><\/div><\/div><\/div>\t\t\t\t<\/div>\n\t\t\t\t\t\t\t<\/div>\n\t\t<\/div>\n\t\t\t\t\t\t<\/div>\n\t\t\t\t<\/div>\n\t\t\t\t<\/div>\n\t\t<div class=\"elementor-element elementor-element-1611944 e-con-full e-flex e-con e-parent\" data-id=\"1611944\" data-element_type=\"container\" data-settings=\"{&quot;background_background&quot;:&quot;classic&quot;}\">\n\t\t<div class=\"elementor-element elementor-element-17d3f17 e-con-full e-flex e-con e-child\" data-id=\"17d3f17\" data-element_type=\"container\" id=\"noticias-sec-banner\">\n\t\t\t\t<\/div>\n\t\t\t\t<\/div>\n\t\t<div class=\"elementor-element elementor-element-2dec332 e-flex e-con-boxed e-con e-parent\" data-id=\"2dec332\" data-element_type=\"container\">\n\t\t\t\t\t<div class=\"e-con-inner\">\n\t\t<div class=\"elementor-element elementor-element-758ccd9 e-con-full e-flex e-con e-child\" data-id=\"758ccd9\" data-element_type=\"container\" data-settings=\"{&quot;background_background&quot;:&quot;classic&quot;}\">\n\t\t<div class=\"elementor-element elementor-element-6f2570c e-grid e-con-full e-con e-child\" data-id=\"6f2570c\" data-element_type=\"container\">\n\t\t\t\t<div class=\"elementor-element elementor-element-851040a elementor-widget elementor-widget-image\" data-id=\"851040a\" data-element_type=\"widget\" data-widget_type=\"image.default\">\n\t\t\t\t<div class=\"elementor-widget-container\">\n\t\t\t\t\t\t\t\t\t\t\t\t\t\t\t<img fetchpriority=\"high\" decoding=\"async\" width=\"257\" height=\"396\" src=\"https:\/\/adepolsc.org.br\/adepolsite\/wp-content\/uploads\/2024\/12\/livro-01.png\" class=\"attachment-large size-large wp-image-496\" alt=\"\" srcset=\"https:\/\/adepolsc.org.br\/adepolsite\/wp-content\/uploads\/2024\/12\/livro-01.png 257w, https:\/\/adepolsc.org.br\/adepolsite\/wp-content\/uploads\/2024\/12\/livro-01-195x300.png 195w\" sizes=\"(max-width: 257px) 100vw, 257px\" \/>\t\t\t\t\t\t\t\t\t\t\t\t\t\t\t<\/div>\n\t\t\t\t<\/div>\n\t\t\t\t<div class=\"elementor-element elementor-element-5fb33c2 elementor-widget elementor-widget-heading\" data-id=\"5fb33c2\" data-element_type=\"widget\" data-widget_type=\"heading.default\">\n\t\t\t\t<div class=\"elementor-widget-container\">\n\t\t\t\t\t<h2 class=\"elementor-heading-title elementor-size-default\">Enfrentamento da Corrup\u00e7\u00e3o \ne Investiga\u00e7\u00e3o Criminal \nTecnol\u00f3gica Procedimentos, \nFontes Abertas, Estudo de Casos \ne Direito Anticorrup\u00e7\u00e3o.\nPor  Higor Vinicius Nogueira Jorge\n<br><br><br><\/h2>\t\t\t\t<\/div>\n\t\t\t\t<\/div>\n\t\t\t\t<\/div>\n\t\t<div class=\"elementor-element elementor-element-a153315 e-grid e-con-full e-con e-child\" data-id=\"a153315\" data-element_type=\"container\">\n\t\t\t\t<div class=\"elementor-element elementor-element-e1a15a4 elementor-widget elementor-widget-heading\" data-id=\"e1a15a4\" data-element_type=\"widget\" data-widget_type=\"heading.default\">\n\t\t\t\t<div class=\"elementor-widget-container\">\n\t\t\t\t\t<span class=\"elementor-heading-title elementor-size-default\">Enfrentamento da Corrup\u00e7\u00e3o e Investiga\u00e7\u00e3o Criminal Tecnol\u00f3gica\nProcedimentos, Fontes Abertas, Estudo de Casos e Direito Anticorrup\u00e7\u00e3o\nPor Higor Vinicius Nogueira Jorge\n\nCome\u00e7amos a semana com uma boa dica de leitura. Trata-se do livro \u201cEnfrentamento da Corrup\u00e7\u00e3o e Investiga\u00e7\u00e3o Criminal Tecnol\u00f3gica - Procedimentos, Fontes Abertas, Estudo de Casos e Direito Anticorrup\u00e7\u00e3o\u201d, que traz sob a coordena\u00e7\u00e3o do Delegado de Pol\u00edcia Higor Vinicius Nogueira Jorge um time de grandes refer\u00eancias da \u00e1rea no Brasil, como o Delegado de Pol\u00edcia Civil de Santa Catarina, Murillo Yago Batalha.\nO pref\u00e1cio da obra ficou a cargo do delegado da Pol\u00edcia Federal M\u00e1rcio Adriano Anselmo que coordenou a atua\u00e7\u00e3o da Pol\u00edcia Federal na Lava-Jato por muitos anos. O livro sai pela Editora Juspodivm. <\/span>\t\t\t\t<\/div>\n\t\t\t\t<\/div>\n\t\t<div class=\"elementor-element elementor-element-344aae5 e-grid e-con-full e-con e-child\" data-id=\"344aae5\" data-element_type=\"container\">\n\t\t\t\t<div class=\"elementor-element elementor-element-9ac0a3b elementor-align-left elementor-widget elementor-widget-button\" data-id=\"9ac0a3b\" data-element_type=\"widget\" data-widget_type=\"button.default\">\n\t\t\t\t<div class=\"elementor-widget-container\">\n\t\t\t\t\t\t\t\t\t<div class=\"elementor-button-wrapper\">\n\t\t\t\t\t<a class=\"elementor-button elementor-button-link elementor-size-sm\" href=\"https:\/\/adepolsc.org.br\/adepolsite\/livros-2\/\">\n\t\t\t\t\t\t<span class=\"elementor-button-content-wrapper\">\n\t\t\t\t\t\t<span class=\"elementor-button-icon\">\n\t\t\t\t<svg aria-hidden=\"true\" class=\"e-font-icon-svg e-fas-angle-double-left\" viewBox=\"0 0 448 512\" xmlns=\"http:\/\/www.w3.org\/2000\/svg\"><path d=\"M223.7 239l136-136c9.4-9.4 24.6-9.4 33.9 0l22.6 22.6c9.4 9.4 9.4 24.6 0 33.9L319.9 256l96.4 96.4c9.4 9.4 9.4 24.6 0 33.9L393.7 409c-9.4 9.4-24.6 9.4-33.9 0l-136-136c-9.5-9.4-9.5-24.6-.1-34zm-192 34l136 136c9.4 9.4 24.6 9.4 33.9 0l22.6-22.6c9.4-9.4 9.4-24.6 0-33.9L127.9 256l96.4-96.4c9.4-9.4 9.4-24.6 0-33.9L201.7 103c-9.4-9.4-24.6-9.4-33.9 0l-136 136c-9.5 9.4-9.5 24.6-.1 34z\"><\/path><\/svg>\t\t\t<\/span>\n\t\t\t\t\t\t\t\t\t<span class=\"elementor-button-text\">VOLTTAR<\/span>\n\t\t\t\t\t<\/span>\n\t\t\t\t\t<\/a>\n\t\t\t\t<\/div>\n\t\t\t\t\t\t\t\t<\/div>\n\t\t\t\t<\/div>\n\t\t\t\t<div class=\"elementor-element elementor-element-5566f4c elementor-align-right elementor-widget elementor-widget-button\" data-id=\"5566f4c\" data-element_type=\"widget\" data-widget_type=\"button.default\">\n\t\t\t\t<div class=\"elementor-widget-container\">\n\t\t\t\t\t\t\t\t\t<div class=\"elementor-button-wrapper\">\n\t\t\t\t\t<a class=\"elementor-button elementor-button-link elementor-size-sm\" href=\"http:\/\/www.higorjorge.com.br\/livros\/\" target=\"_blank\">\n\t\t\t\t\t\t<span class=\"elementor-button-content-wrapper\">\n\t\t\t\t\t\t\t\t\t<span class=\"elementor-button-text\">COMPRE AQUI<\/span>\n\t\t\t\t\t<\/span>\n\t\t\t\t\t<\/a>\n\t\t\t\t<\/div>\n\t\t\t\t\t\t\t\t<\/div>\n\t\t\t\t<\/div>\n\t\t\t\t<\/div>\n\t\t\t\t<\/div>\n\t\t\t\t<\/div>\n\t\t\t\t\t<\/div>\n\t\t\t\t<\/div>\n\t\t\t\t<\/div>\n\t\t","protected":false},"excerpt":{"rendered":"<p>livros Enfrentamento da Corrup\u00e7\u00e3o e Investiga\u00e7\u00e3o Criminal Tecnol\u00f3gica Procedimentos, Fontes Abertas, Estudo de Casos e Direito Anticorrup\u00e7\u00e3o. Por Higor Vinicius Nogueira Jorge Enfrentamento da Corrup\u00e7\u00e3o e Investiga\u00e7\u00e3o Criminal Tecnol\u00f3gica Procedimentos, Fontes Abertas, Estudo de Casos e Direito Anticorrup\u00e7\u00e3o Por Higor Vinicius Nogueira Jorge Come\u00e7amos a semana com uma boa dica de leitura. Trata-se do livro [&hellip;]<\/p>\n","protected":false},"author":1,"featured_media":0,"parent":0,"menu_order":0,"comment_status":"closed","ping_status":"closed","template":"","meta":{"footnotes":""},"class_list":["post-580","page","type-page","status-publish","hentry"],"_links":{"self":[{"href":"https:\/\/adepolsc.org.br\/adepolsite\/wp-json\/wp\/v2\/pages\/580","targetHints":{"allow":["GET"]}}],"collection":[{"href":"https:\/\/adepolsc.org.br\/adepolsite\/wp-json\/wp\/v2\/pages"}],"about":[{"href":"https:\/\/adepolsc.org.br\/adepolsite\/wp-json\/wp\/v2\/types\/page"}],"author":[{"embeddable":true,"href":"https:\/\/adepolsc.org.br\/adepolsite\/wp-json\/wp\/v2\/users\/1"}],"replies":[{"embeddable":true,"href":"https:\/\/adepolsc.org.br\/adepolsite\/wp-json\/wp\/v2\/comments?post=580"}],"version-history":[{"count":10,"href":"https:\/\/adepolsc.org.br\/adepolsite\/wp-json\/wp\/v2\/pages\/580\/revisions"}],"predecessor-version":[{"id":591,"href":"https:\/\/adepolsc.org.br\/adepolsite\/wp-json\/wp\/v2\/pages\/580\/revisions\/591"}],"wp:attachment":[{"href":"https:\/\/adepolsc.org.br\/adepolsite\/wp-json\/wp\/v2\/media?parent=580"}],"curies":[{"name":"wp","href":"https:\/\/api.w.org\/{rel}","templated":true}]}}