{"id":592,"date":"2024-12-08T15:44:23","date_gmt":"2024-12-08T15:44:23","guid":{"rendered":"https:\/\/adepolsc.org.br\/adepolsite\/?page_id=592"},"modified":"2025-01-05T21:15:12","modified_gmt":"2025-01-05T21:15:12","slug":"a-permeabilidade-do-processo-penal","status":"publish","type":"page","link":"https:\/\/adepolsc.org.br\/adepolsite\/a-permeabilidade-do-processo-penal\/","title":{"rendered":"Galeria de Imagens &#8211; 2\u00ba Encontro Estadual das Delegadas de Pol\u00edcia"},"content":{"rendered":"\t\t<div data-elementor-type=\"wp-page\" data-elementor-id=\"592\" class=\"elementor elementor-592\" data-elementor-post-type=\"page\">\n\t\t\t\t<div class=\"elementor-element elementor-element-a60cc99 e-con-full e-flex e-con e-parent\" data-id=\"a60cc99\" data-element_type=\"container\">\n\t\t\t\t<div class=\"elementor-element elementor-element-63c29c9 elementor--h-position-left elementor--v-position-middle elementor-pagination-position-inside elementor-widget elementor-widget-slides\" data-id=\"63c29c9\" data-element_type=\"widget\" data-settings=\"{&quot;navigation&quot;:&quot;dots&quot;,&quot;autoplay&quot;:&quot;yes&quot;,&quot;pause_on_hover&quot;:&quot;yes&quot;,&quot;pause_on_interaction&quot;:&quot;yes&quot;,&quot;autoplay_speed&quot;:5000,&quot;infinite&quot;:&quot;yes&quot;,&quot;transition&quot;:&quot;slide&quot;,&quot;transition_speed&quot;:500}\" data-widget_type=\"slides.default\">\n\t\t\t\t<div class=\"elementor-widget-container\">\n\t\t\t\t\t\t\t<div class=\"elementor-swiper\">\n\t\t\t<div class=\"elementor-slides-wrapper elementor-main-swiper swiper\" dir=\"ltr\" data-animation=\"fadeInUp\">\n\t\t\t\t<div class=\"swiper-wrapper elementor-slides\">\n\t\t\t\t\t\t\t\t\t\t<div class=\"elementor-repeater-item-498a551 swiper-slide\"><div class=\"swiper-slide-bg\" role=\"img\"><\/div><div class=\"swiper-slide-inner\" ><div class=\"swiper-slide-contents\"><div class=\"elementor-slide-heading\">livros<\/div><\/div><\/div><\/div>\t\t\t\t<\/div>\n\t\t\t\t\t\t\t<\/div>\n\t\t<\/div>\n\t\t\t\t\t\t<\/div>\n\t\t\t\t<\/div>\n\t\t\t\t<\/div>\n\t\t<div class=\"elementor-element elementor-element-1611944 e-con-full e-flex e-con e-parent\" data-id=\"1611944\" data-element_type=\"container\" data-settings=\"{&quot;background_background&quot;:&quot;classic&quot;}\">\n\t\t<div class=\"elementor-element elementor-element-17d3f17 e-con-full e-flex e-con e-child\" data-id=\"17d3f17\" data-element_type=\"container\" id=\"noticias-sec-banner\">\n\t\t\t\t<\/div>\n\t\t\t\t<\/div>\n\t\t<div class=\"elementor-element elementor-element-2dec332 e-flex e-con-boxed e-con e-parent\" data-id=\"2dec332\" data-element_type=\"container\">\n\t\t\t\t\t<div class=\"e-con-inner\">\n\t\t<div class=\"elementor-element elementor-element-758ccd9 e-con-full e-flex e-con e-child\" data-id=\"758ccd9\" data-element_type=\"container\" data-settings=\"{&quot;background_background&quot;:&quot;classic&quot;}\">\n\t\t<div class=\"elementor-element elementor-element-6f2570c e-grid e-con-full e-con e-child\" data-id=\"6f2570c\" data-element_type=\"container\">\n\t\t\t\t<div class=\"elementor-element elementor-element-851040a elementor-widget elementor-widget-image\" data-id=\"851040a\" data-element_type=\"widget\" data-widget_type=\"image.default\">\n\t\t\t\t<div class=\"elementor-widget-container\">\n\t\t\t\t\t\t\t\t\t\t\t\t\t\t\t<img fetchpriority=\"high\" decoding=\"async\" width=\"257\" height=\"396\" src=\"https:\/\/adepolsc.org.br\/adepolsite\/wp-content\/uploads\/2024\/12\/LIVRO-02-1.png\" class=\"attachment-large size-large wp-image-502\" alt=\"\" srcset=\"https:\/\/adepolsc.org.br\/adepolsite\/wp-content\/uploads\/2024\/12\/LIVRO-02-1.png 257w, https:\/\/adepolsc.org.br\/adepolsite\/wp-content\/uploads\/2024\/12\/LIVRO-02-1-195x300.png 195w\" sizes=\"(max-width: 257px) 100vw, 257px\" \/>\t\t\t\t\t\t\t\t\t\t\t\t\t\t\t<\/div>\n\t\t\t\t<\/div>\n\t\t\t\t<div class=\"elementor-element elementor-element-5fb33c2 elementor-widget elementor-widget-heading\" data-id=\"5fb33c2\" data-element_type=\"widget\" data-widget_type=\"heading.default\">\n\t\t\t\t<div class=\"elementor-widget-container\">\n\t\t\t\t\t<h2 class=\"elementor-heading-title elementor-size-default\"><b>A Permeabilidade do Processo Penal\nDavid Queiroz <BR>\n(Ed. Emp\u00f3rio do Direito, 2017)<\/b><\/h2>\t\t\t\t<\/div>\n\t\t\t\t<\/div>\n\t\t\t\t<\/div>\n\t\t<div class=\"elementor-element elementor-element-a153315 e-grid e-con-full e-con e-child\" data-id=\"a153315\" data-element_type=\"container\">\n\t\t\t\t<div class=\"elementor-element elementor-element-e1a15a4 elementor-widget elementor-widget-heading\" data-id=\"e1a15a4\" data-element_type=\"widget\" data-widget_type=\"heading.default\">\n\t\t\t\t<div class=\"elementor-widget-container\">\n\t\t\t\t\t<span class=\"elementor-heading-title elementor-size-default\">A \u201cPermeabilidade do Processo Penal\u201d \u00e9 o livro do destacado Delegado de Pol\u00edcia e Professor de Direito Penal da ACADEPOL-SC David Queiroz, decorrente da sua disserta\u00e7\u00e3o de Mestrado na Pontif\u00edcia Universidade Cat\u00f3lica (PUC-RS). O trabalho promove a releitura da investiga\u00e7\u00e3o preliminar em bases democr\u00e1ticas e aponta para sua import\u00e2ncia, at\u00e9 porque, salvo raras exce\u00e7\u00f5es, a atividade acusat\u00f3ria fica \u00e0 merc\u00ea dos caminhos investigat\u00f3rios que o Delegado de Pol\u00edcia indica. Longe dos arroubos te\u00f3ricos, o trabalho \u00e9 feito sob o tra\u00e7o da ang\u00fastia de quem opera nos limites da legalidade, sempre sob o fio da navalha das arbitrariedades. Al\u00e9m disso, o respeito pelas regras do jogo democr\u00e1tico e do standard probat\u00f3rio \u00e9 a preocupa\u00e7\u00e3o do Delegado de Pol\u00edcia ciente da tarefa democr\u00e1tica. <\/span>\t\t\t\t<\/div>\n\t\t\t\t<\/div>\n\t\t<div class=\"elementor-element elementor-element-344aae5 e-grid e-con-full e-con e-child\" data-id=\"344aae5\" data-element_type=\"container\">\n\t\t\t\t<div class=\"elementor-element elementor-element-9ac0a3b elementor-align-left elementor-widget elementor-widget-button\" data-id=\"9ac0a3b\" data-element_type=\"widget\" data-widget_type=\"button.default\">\n\t\t\t\t<div class=\"elementor-widget-container\">\n\t\t\t\t\t\t\t\t\t<div class=\"elementor-button-wrapper\">\n\t\t\t\t\t<a class=\"elementor-button elementor-button-link elementor-size-sm\" href=\"https:\/\/adepolsc.org.br\/adepolsite\/livros-2\/\">\n\t\t\t\t\t\t<span class=\"elementor-button-content-wrapper\">\n\t\t\t\t\t\t<span class=\"elementor-button-icon\">\n\t\t\t\t<svg aria-hidden=\"true\" class=\"e-font-icon-svg e-fas-angle-double-left\" viewBox=\"0 0 448 512\" xmlns=\"http:\/\/www.w3.org\/2000\/svg\"><path d=\"M223.7 239l136-136c9.4-9.4 24.6-9.4 33.9 0l22.6 22.6c9.4 9.4 9.4 24.6 0 33.9L319.9 256l96.4 96.4c9.4 9.4 9.4 24.6 0 33.9L393.7 409c-9.4 9.4-24.6 9.4-33.9 0l-136-136c-9.5-9.4-9.5-24.6-.1-34zm-192 34l136 136c9.4 9.4 24.6 9.4 33.9 0l22.6-22.6c9.4-9.4 9.4-24.6 0-33.9L127.9 256l96.4-96.4c9.4-9.4 9.4-24.6 0-33.9L201.7 103c-9.4-9.4-24.6-9.4-33.9 0l-136 136c-9.5 9.4-9.5 24.6-.1 34z\"><\/path><\/svg>\t\t\t<\/span>\n\t\t\t\t\t\t\t\t\t<span class=\"elementor-button-text\">VOLTTAR<\/span>\n\t\t\t\t\t<\/span>\n\t\t\t\t\t<\/a>\n\t\t\t\t<\/div>\n\t\t\t\t\t\t\t\t<\/div>\n\t\t\t\t<\/div>\n\t\t\t\t<div class=\"elementor-element elementor-element-5566f4c elementor-align-right elementor-widget elementor-widget-button\" data-id=\"5566f4c\" data-element_type=\"widget\" data-widget_type=\"button.default\">\n\t\t\t\t<div class=\"elementor-widget-container\">\n\t\t\t\t\t\t\t\t\t<div class=\"elementor-button-wrapper\">\n\t\t\t\t\t<a class=\"elementor-button elementor-button-link elementor-size-sm\" href=\"https:\/\/emporiododireito.com.br\/leitura\/a-permeabilidade-do-processo-penal-do-autor-david-queiroz\" target=\"_blank\">\n\t\t\t\t\t\t<span class=\"elementor-button-content-wrapper\">\n\t\t\t\t\t\t\t\t\t<span class=\"elementor-button-text\">COMPRE AQUI<\/span>\n\t\t\t\t\t<\/span>\n\t\t\t\t\t<\/a>\n\t\t\t\t<\/div>\n\t\t\t\t\t\t\t\t<\/div>\n\t\t\t\t<\/div>\n\t\t\t\t<\/div>\n\t\t\t\t<\/div>\n\t\t\t\t<\/div>\n\t\t\t\t\t<\/div>\n\t\t\t\t<\/div>\n\t\t\t\t<\/div>\n\t\t","protected":false},"excerpt":{"rendered":"<p>livros A Permeabilidade do Processo Penal David Queiroz (Ed. Emp\u00f3rio do Direito, 2017) A \u201cPermeabilidade do Processo Penal\u201d \u00e9 o livro do destacado Delegado de Pol\u00edcia e Professor de Direito Penal da ACADEPOL-SC David Queiroz, decorrente da sua disserta\u00e7\u00e3o de Mestrado na Pontif\u00edcia Universidade Cat\u00f3lica (PUC-RS). O trabalho promove a releitura da investiga\u00e7\u00e3o preliminar em [&hellip;]<\/p>\n","protected":false},"author":1,"featured_media":0,"parent":0,"menu_order":0,"comment_status":"closed","ping_status":"closed","template":"","meta":{"footnotes":""},"class_list":["post-592","page","type-page","status-publish","hentry"],"_links":{"self":[{"href":"https:\/\/adepolsc.org.br\/adepolsite\/wp-json\/wp\/v2\/pages\/592","targetHints":{"allow":["GET"]}}],"collection":[{"href":"https:\/\/adepolsc.org.br\/adepolsite\/wp-json\/wp\/v2\/pages"}],"about":[{"href":"https:\/\/adepolsc.org.br\/adepolsite\/wp-json\/wp\/v2\/types\/page"}],"author":[{"embeddable":true,"href":"https:\/\/adepolsc.org.br\/adepolsite\/wp-json\/wp\/v2\/users\/1"}],"replies":[{"embeddable":true,"href":"https:\/\/adepolsc.org.br\/adepolsite\/wp-json\/wp\/v2\/comments?post=592"}],"version-history":[{"count":5,"href":"https:\/\/adepolsc.org.br\/adepolsite\/wp-json\/wp\/v2\/pages\/592\/revisions"}],"predecessor-version":[{"id":744,"href":"https:\/\/adepolsc.org.br\/adepolsite\/wp-json\/wp\/v2\/pages\/592\/revisions\/744"}],"wp:attachment":[{"href":"https:\/\/adepolsc.org.br\/adepolsite\/wp-json\/wp\/v2\/media?parent=592"}],"curies":[{"name":"wp","href":"https:\/\/api.w.org\/{rel}","templated":true}]}}